{"id":9885,"date":"2019-05-07T13:49:10","date_gmt":"2019-05-07T10:49:10","guid":{"rendered":"https:\/\/arts.ircica.org\/egitim"},"modified":"2024-05-28T12:18:48","modified_gmt":"2024-05-28T09:18:48","slug":"egitim-kurslari","status":"publish","type":"page","link":"https:\/\/arts.ircica.org\/tr\/egitim-kurslari","title":{"rendered":"E\u011fitim Kurslar\u0131"},"content":{"rendered":"\t\t<div data-elementor-type=\"wp-post\" data-elementor-id=\"9885\" class=\"elementor elementor-9885 elementor-2505\" data-elementor-post-type=\"page\">\n\t\t\t\t\t\t<section class=\"jarallax lazyload elementor-section elementor-top-section elementor-element elementor-element-3f3fb71c elementor-section-boxed elementor-section-height-default elementor-section-height-default\" data-jarallax=\"\" data-speed=\"0.75\" data-type=\"scroll\" data-parallax=\"scroll\" style=\"background-image:url(&quot;https:\/\/arts.ircica.org\/wp-content\/uploads\/2023\/04\/bg.jpeg&quot;);\" data-image-src=\"https:\/\/arts.ircica.org\/wp-content\/uploads\/2023\/04\/bg.jpeg\" data-id=\"3f3fb71c\" data-element_type=\"section\" data-settings=\"{&quot;background_background&quot;:&quot;classic&quot;}\">\n\t\t\t\t\t\t\t<div class=\"elementor-background-overlay\"><\/div>\n\t\t\t\t\t\t\t<div class=\"elementor-container elementor-column-gap-default\">\n\t\t\t\t\t<div class=\"elementor-column elementor-col-100 elementor-top-column elementor-element elementor-element-dc6d81a\" data-id=\"dc6d81a\" data-element_type=\"column\">\n\t\t\t<div class=\"elementor-widget-wrap elementor-element-populated\">\n\t\t\t\t\t\t<div class=\"elementor-element elementor-element-7229340d section-align-center section-size-default subtitle-style-default elementor-widget elementor-widget-section-heading\" data-id=\"7229340d\" data-element_type=\"widget\" data-widget_type=\"section-heading.default\">\n\t\t\t\t<div class=\"elementor-widget-container\">\n\t\t\t<div class=\"section-heading headingstyle-default\"><div class=\"section-title-wrapper\"><h2 class=\"entry-title section-title\">E\u011fitim Kurslar\u0131<\/h2><\/div><div class=\"section-description clearfix\"><div class=\"section-description-inner\"><p><span class=\"--l --r sentence_highlight\">IRCICA, haftada iki kez \u0130slami hat \u00fczerine \u00e7evrimi\u00e7i bir e\u011fitim program\u0131 ve haftada bir \u00e7evrimi\u00e7i tezhip kursu sunmaktad\u0131r. <\/span><span class=\"--l --r sentence_highlight\">Bu kurslara her \u00fclkeden, her ya\u015ftan ve e\u011fitim ge\u00e7mi\u015finden \u00f6\u011frenciler kat\u0131lmakta ve programlar\u0131n ba\u015far\u0131yla tamamlanmas\u0131 halinde ustalar taraf\u0131ndan verilen \"icazet\" ile sonu\u00e7lanabilmektedir. <\/span><span class=\"--l --r sentence_highlight\">IRCICA ayr\u0131ca \u00e7e\u015fitli \u00fclkelerdeki sanat kongreleri, festivaller ve sergiler ba\u011flam\u0131nda hat, tezhip ve \u00e7e\u015fitli kitap sanatlar\u0131 \u00fczerine uygulamal\u0131 at\u00f6lye \u00e7al\u0131\u015fmalar\u0131 koordine etmektedir.<\/span><\/p>\n<\/div><\/div><\/div>\t\t<\/div>\n\t\t\t\t<\/div>\n\t\t\t\t\t<\/div>\n\t\t<\/div>\n\t\t\t\t\t<\/div>\n\t\t<\/section>\n\t\t\t\t<section class=\"elementor-section elementor-top-section elementor-element elementor-element-0b23045 elementor-section-boxed elementor-section-height-default elementor-section-height-default\" data-id=\"0b23045\" data-element_type=\"section\">\n\t\t\t\t\t\t<div class=\"elementor-container elementor-column-gap-default\">\n\t\t\t\t\t<div class=\"elementor-column elementor-col-100 elementor-top-column elementor-element elementor-element-62285ec\" data-id=\"62285ec\" data-element_type=\"column\">\n\t\t\t<div class=\"elementor-widget-wrap elementor-element-populated\">\n\t\t\t\t\t\t<div class=\"elementor-element elementor-element-96f6ebb elementor-widget elementor-widget-text-editor\" data-id=\"96f6ebb\" data-element_type=\"widget\" data-widget_type=\"text-editor.default\">\n\t\t\t\t<div class=\"elementor-widget-container\">\n\t\t\t\t\t\t\t<p><iframe title=\"YouTube video player\" src=\"https:\/\/www.youtube.com\/embed\/videoseries?list=PLpvbS2C-SdltgRnEvtSSmU_fSIbUnKCVD\" width=\"auto\" height=\"630\" frameborder=\"0\" allowfullscreen=\"allowfullscreen\"><\/iframe><\/p>\n\t\t\t\t\t\t<\/div>\n\t\t\t\t<\/div>\n\t\t\t\t\t<\/div>\n\t\t<\/div>\n\t\t\t\t\t<\/div>\n\t\t<\/section>\n\t\t\t\t<section class=\"elementor-section elementor-top-section elementor-element elementor-element-303c319 elementor-section-boxed elementor-section-height-default elementor-section-height-default\" data-id=\"303c319\" data-element_type=\"section\">\n\t\t\t\t\t\t<div class=\"elementor-container elementor-column-gap-default\">\n\t\t\t\t\t<div class=\"elementor-column elementor-col-100 elementor-top-column elementor-element elementor-element-ecca634\" data-id=\"ecca634\" data-element_type=\"column\">\n\t\t\t<div class=\"elementor-widget-wrap elementor-element-populated\">\n\t\t\t\t\t\t<div class=\"elementor-element elementor-element-a01a13f elementor-widget elementor-widget-text-editor\" data-id=\"a01a13f\" data-element_type=\"widget\" data-widget_type=\"text-editor.default\">\n\t\t\t\t<div class=\"elementor-widget-container\">\n\t\t\t\t\t\t\t<p><iframe title=\"YouTube video player\" src=\"https:\/\/www.youtube.com\/embed\/videoseries?list=PLpvbS2C-SdluGzrCfyOqAbqnQMHRwc2Aw\" width=\"auto\" height=\"630\" frameborder=\"0\" allowfullscreen=\"allowfullscreen\"><\/iframe><\/p>\n\t\t\t\t\t\t<\/div>\n\t\t\t\t<\/div>\n\t\t\t\t\t<\/div>\n\t\t<\/div>\n\t\t\t\t\t<\/div>\n\t\t<\/section>\n\t\t\t\t<section class=\"elementor-section elementor-top-section elementor-element elementor-element-208e58b elementor-section-boxed elementor-section-height-default elementor-section-height-default\" data-id=\"208e58b\" data-element_type=\"section\">\n\t\t\t\t\t\t<div class=\"elementor-container elementor-column-gap-default\">\n\t\t\t\t\t<div class=\"elementor-column elementor-col-100 elementor-top-column elementor-element elementor-element-2616ed1\" data-id=\"2616ed1\" data-element_type=\"column\">\n\t\t\t<div class=\"elementor-widget-wrap elementor-element-populated\">\n\t\t\t\t\t\t<div class=\"elementor-element elementor-element-d7c9be1 elementor-widget elementor-widget-text-editor\" data-id=\"d7c9be1\" data-element_type=\"widget\" data-widget_type=\"text-editor.default\">\n\t\t\t\t<div class=\"elementor-widget-container\">\n\t\t\t\t\t\t\t<p><iframe title=\"YouTube video player\" src=\"https:\/\/www.youtube.com\/embed\/videoseries?list=PLpvbS2C-SdlukKAbKDDcFVtvM4zSbeYDF\" width=\"auto\" height=\"630\" frameborder=\"0\" allowfullscreen=\"allowfullscreen\"><\/iframe><\/p>\n\t\t\t\t\t\t<\/div>\n\t\t\t\t<\/div>\n\t\t\t\t\t<\/div>\n\t\t<\/div>\n\t\t\t\t\t<\/div>\n\t\t<\/section>\n\t\t\t\t<section class=\"elementor-section elementor-top-section elementor-element elementor-element-5d7f5be elementor-hidden-desktop elementor-hidden-tablet elementor-hidden-mobile elementor-section-boxed elementor-section-height-default elementor-section-height-default\" data-id=\"5d7f5be\" data-element_type=\"section\" data-settings=\"{&quot;background_background&quot;:&quot;classic&quot;}\">\n\t\t\t\t\t\t<div class=\"elementor-container elementor-column-gap-default\">\n\t\t\t\t\t<div class=\"elementor-column elementor-col-100 elementor-top-column elementor-element elementor-element-60299e1b elementor-invisible\" data-id=\"60299e1b\" data-element_type=\"column\" data-settings=\"{&quot;background_background&quot;:&quot;classic&quot;,&quot;animation&quot;:&quot;zoomIn&quot;}\">\n\t\t\t<div class=\"elementor-widget-wrap elementor-element-populated\">\n\t\t\t\t\t<div class=\"elementor-background-overlay\"><\/div>\n\t\t\t\t\t\t<div class=\"elementor-element elementor-element-2b4fc2b0 section-align-center section-size-default subtitle-style-default elementor-widget elementor-widget-section-heading\" data-id=\"2b4fc2b0\" data-element_type=\"widget\" data-widget_type=\"section-heading.default\">\n\t\t\t\t<div class=\"elementor-widget-container\">\n\t\t\t<div class=\"section-heading headingstyle-default\"><div class=\"section-title-wrapper\"><h2 class=\"entry-title section-title\">Visual and Creative Publications<\/h2><\/div><div class=\"section-description clearfix\"><div class=\"section-description-inner\"><p>Integer sed tincidunt dui. Cras tincidunt at risus vitae ultrices. Sed at placerat diam. Nam ornare feugiat blandit. Suspendisse potenti.<\/p>\n<\/div><\/div><div class=\"section-button\"><a  target=\"_blank\" rel=\"nofollow\" href=\"#\"><div class=\"mtheme-button\">\u0130leti\u015fim<\/div><\/a><\/div><\/div>\t\t<\/div>\n\t\t\t\t<\/div>\n\t\t\t\t\t<\/div>\n\t\t<\/div>\n\t\t\t\t\t<\/div>\n\t\t<\/section>\n\t\t\t\t<\/div>\n\t\t","protected":false},"excerpt":{"rendered":"<p>E\u011fitim Kurslar\u0131 IRCICA, haftada iki kez \u0130slami hat \u00fczerine \u00e7evrimi\u00e7i bir e\u011fitim program\u0131 ve haftada bir \u00e7evrimi\u00e7i tezhip kursu sunmaktad\u0131r. Bu kurslara her \u00fclkeden, her ya\u015ftan ve e\u011fitim ge\u00e7mi\u015finden \u00f6\u011frenciler kat\u0131lmakta ve programlar\u0131n ba\u015far\u0131yla tamamlanmas\u0131 halinde ustalar taraf\u0131ndan verilen &#8220;icazet&#8221; ile sonu\u00e7lanabilmektedir. IRCICA ayr\u0131ca \u00e7e\u015fitli \u00fclkelerdeki sanat kongreleri, festivaller ve sergiler ba\u011flam\u0131nda hat, tezhip ve \u00e7e\u015fitli kitap sanatlar\u0131 \u00fczerine uygulamal\u0131 at\u00f6lye \u00e7al\u0131\u015fmalar\u0131 koordine etmektedir. Visual and Creative Publications Integer sed tincidunt dui. Cras tincidunt at risus vitae ultrices. Sed at [&hellip;]<\/p>\n","protected":false},"author":1,"featured_media":0,"parent":0,"menu_order":0,"comment_status":"closed","ping_status":"closed","template":"","meta":{"_mi_skip_tracking":false,"footnotes":""},"class_list":["post-9885","page","type-page","status-publish","hentry"],"aioseo_notices":[],"_links":{"self":[{"href":"https:\/\/arts.ircica.org\/tr\/wp-json\/wp\/v2\/pages\/9885","targetHints":{"allow":["GET"]}}],"collection":[{"href":"https:\/\/arts.ircica.org\/tr\/wp-json\/wp\/v2\/pages"}],"about":[{"href":"https:\/\/arts.ircica.org\/tr\/wp-json\/wp\/v2\/types\/page"}],"author":[{"embeddable":true,"href":"https:\/\/arts.ircica.org\/tr\/wp-json\/wp\/v2\/users\/1"}],"replies":[{"embeddable":true,"href":"https:\/\/arts.ircica.org\/tr\/wp-json\/wp\/v2\/comments?post=9885"}],"version-history":[{"count":15,"href":"https:\/\/arts.ircica.org\/tr\/wp-json\/wp\/v2\/pages\/9885\/revisions"}],"predecessor-version":[{"id":10091,"href":"https:\/\/arts.ircica.org\/tr\/wp-json\/wp\/v2\/pages\/9885\/revisions\/10091"}],"wp:attachment":[{"href":"https:\/\/arts.ircica.org\/tr\/wp-json\/wp\/v2\/media?parent=9885"}],"curies":[{"name":"wp","href":"https:\/\/api.w.org\/{rel}","templated":true}]}}