{"id":3816,"date":"2018-09-15T16:37:38","date_gmt":"2018-09-15T13:37:38","guid":{"rendered":"https:\/\/arts.ircica.org\/etkinlikler"},"modified":"2023-07-03T15:14:29","modified_gmt":"2023-07-03T12:14:29","slug":"etkinlikler","status":"publish","type":"page","link":"https:\/\/arts.ircica.org\/tr\/etkinlikler","title":{"rendered":"Etkinlikler"},"content":{"rendered":"\t\t<div data-elementor-type=\"wp-post\" data-elementor-id=\"3816\" class=\"elementor elementor-3816 elementor-1297\" data-elementor-post-type=\"page\">\n\t\t\t\t\t\t<section class=\"jarallax lazyload elementor-section elementor-top-section elementor-element elementor-element-99bc507 elementor-section-boxed elementor-section-height-default elementor-section-height-default\" data-jarallax=\"\" data-speed=\"0.75\" data-type=\"scroll\" data-parallax=\"scroll\" style=\"background-image:url(&quot;https:\/\/arts.ircica.org\/wp-content\/uploads\/2023\/04\/bg.jpeg&quot;);\" data-image-src=\"https:\/\/arts.ircica.org\/wp-content\/uploads\/2023\/04\/bg.jpeg\" data-id=\"99bc507\" data-element_type=\"section\" data-settings=\"{&quot;background_background&quot;:&quot;classic&quot;}\">\n\t\t\t\t\t\t\t<div class=\"elementor-background-overlay\"><\/div>\n\t\t\t\t\t\t\t<div class=\"elementor-container elementor-column-gap-default\">\n\t\t\t\t\t<div class=\"elementor-column elementor-col-100 elementor-top-column elementor-element elementor-element-d589353\" data-id=\"d589353\" data-element_type=\"column\">\n\t\t\t<div class=\"elementor-widget-wrap elementor-element-populated\">\n\t\t\t\t\t\t<div class=\"elementor-element elementor-element-607fbbf section-align-center section-size-default subtitle-style-default elementor-widget elementor-widget-section-heading\" data-id=\"607fbbf\" data-element_type=\"widget\" data-widget_type=\"section-heading.default\">\n\t\t\t\t<div class=\"elementor-widget-container\">\n\t\t\t<div class=\"section-heading headingstyle-default\"><div class=\"section-title-wrapper\"><h2 class=\"entry-title section-title\">Etkinlikler<\/h2><\/div><\/div>\t\t<\/div>\n\t\t\t\t<\/div>\n\t\t\t\t\t<\/div>\n\t\t<\/div>\n\t\t\t\t\t<\/div>\n\t\t<\/section>\n\t\t\t\t<section class=\"elementor-section elementor-top-section elementor-element elementor-element-9a7a741 elementor-section-boxed elementor-section-height-default elementor-section-height-default\" data-id=\"9a7a741\" data-element_type=\"section\">\n\t\t\t\t\t\t<div class=\"elementor-container elementor-column-gap-no\">\n\t\t\t\t\t<div class=\"elementor-column elementor-col-100 elementor-top-column elementor-element elementor-element-e7ebc12\" data-id=\"e7ebc12\" data-element_type=\"column\">\n\t\t\t<div class=\"elementor-widget-wrap elementor-element-populated\">\n\t\t\t\t\t\t<div class=\"elementor-element elementor-element-5e853c1 blog-parallax-align-center elementor-widget elementor-widget-blog-parallax\" data-id=\"5e853c1\" data-element_type=\"widget\" data-widget_type=\"blog-parallax.default\">\n\t\t\t\t<div class=\"elementor-widget-container\">\n\t\t\t<div class=\"gridblock-blog-parallax gridblock-parallax-wrap clearfix\"><ul><li data-jarallax='{\"speed\": 0.3}' class=\"jarallax vertical-parallax-image fullheight-parallax\" style=\"background-image:url(https:\/\/arts.ircica.org\/wp-content\/uploads\/2022\/10\/calligraphy-exhibition-and-workshop-at-bahrain-contemporary-art-association.jpg);\"><div class=\"bg-detect-and-display slideshow-box-info work-details\"><a href=\"https:\/\/arts.ircica.org\/tr\/etkinlik\/bahreyn-cagdas-sanat-derneginde-hat-sergisi\"><div class=\"heading-block\"><h2 class=\"line-standby photocard-title\">\n\t\t\t\tBahreyn \u00c7a\u011fda\u015f Sanat Derne\u011fi\u2019nde Hat Sergisi\n\t\t\t\t<\/h2><h3 class=\"photocard-subtitle\">\n\t\t\t\t\t12\/10\/2022\n\t\t\t\t<\/h3><\/div><div class=\"photocard-contents\">\n\t\t\t\t<p>\u201cIRCICA Hattatlar Nesli: Uluslararas\u0131 Yar\u0131\u015fmalar\u0131n \u00d6d\u00fcll\u00fc Levhalar\u0131ndan Se\u00e7meler\u201d sergisi Manama, Bahreyn \u00c7a\u011fda\u015f Sanat Derne\u011fi\u2019nde 12 Ekim 2022\u2019de a\u00e7\u0131ld\u0131. IRCICA Genel Direkt\u00f6r\u00fc B\u00fcy\u00fckel\u00e7i Prof. Dr....<\/p>\n\t\t\t\t<\/div><\/a><a class=\"theme-btn-link\" href=\"https:\/\/arts.ircica.org\/tr\/etkinlik\/bahreyn-cagdas-sanat-derneginde-hat-sergisi\"><div class=\"theme-btn theme-btn-outline-primary theme-hover-arrow\">Continue Reading<\/div><\/a><\/div><\/li><li data-jarallax='{\"speed\": 0.3}' class=\"jarallax vertical-parallax-image fullheight-parallax\" style=\"background-image:url(https:\/\/arts.ircica.org\/wp-content\/uploads\/2022\/10\/ircicas-activities-at-iuiu-kampala-uganda-11-12-june-2022-1.jpg);\"><div class=\"bg-detect-and-display slideshow-box-info work-details\"><a href=\"https:\/\/arts.ircica.org\/tr\/etkinlik\/uganda-islam-universitesinde-ircicanin-kultur-faaliyetleri\"><div class=\"heading-block\"><h2 class=\"line-standby photocard-title\">\n\t\t\t\tUganda \u0130slam \u00dcniversitesi\u2019nde IRCICA\u2019n\u0131n k\u00fclt\u00fcr faaliyetleri\n\t\t\t\t<\/h2><h3 class=\"photocard-subtitle\">\n\t\t\t\t\t11\/06\/2022\n\t\t\t\t<\/h3><\/div><div class=\"photocard-contents\">\n\t\t\t\t<p>\u0130slam \u0130\u015fbirli\u011fi Te\u015fkilat\u0131 (\u0130\u0130T) taraf\u0131ndan Uganda, Kampala\u2019da, \u0130\u0130T\u2019ye ba\u011fl\u0131 Uganda \u0130slam \u00dcniversitesinin (IUIU) ev sahipli\u011finde 11-12 Haz. 2022\u2019de iki g\u00fcnl\u00fck bir k\u00fclt\u00fcr program\u0131 d\u00fczenlendi....<\/p>\n\t\t\t\t<\/div><\/a><a class=\"theme-btn-link\" href=\"https:\/\/arts.ircica.org\/tr\/etkinlik\/uganda-islam-universitesinde-ircicanin-kultur-faaliyetleri\"><div class=\"theme-btn theme-btn-outline-primary theme-hover-arrow\">Continue Reading<\/div><\/a><\/div><\/li><li data-jarallax='{\"speed\": 0.3}' class=\"jarallax vertical-parallax-image fullheight-parallax\" style=\"background-image:url(https:\/\/arts.ircica.org\/wp-content\/uploads\/2022\/10\/ircicas-art-exhibitions-workshop-and-lecture-at-expo-2020-dubai.jpg);\"><div class=\"bg-detect-and-display slideshow-box-info work-details\"><a href=\"https:\/\/arts.ircica.org\/tr\/etkinlik\/ircicanin-dubai-expo-2020deki-faaliyetleri-sergiler-hat-sanati-atolyesi-ve-konferans\"><div class=\"heading-block\"><h2 class=\"line-standby photocard-title\">\n\t\t\t\tIRCICA\u2019n\u0131n Dubai, Expo 2020\u2019deki faaliyetleri: sergiler, hat sanat\u0131 at\u00f6lyesi ve konferans\n\t\t\t\t<\/h2><h3 class=\"photocard-subtitle\">\n\t\t\t\t\t26\/12\/2021\n\t\t\t\t<\/h3><\/div><div class=\"photocard-contents\">\n\t\t\t\t<p>IRCICA, \u0130slam \u0130\u015fbirli\u011fi Te\u015fkilat\u0131\u2019n\u0131n Dubai\u2019de devam eden Expo 2020\u2019ye kat\u0131l\u0131m\u0131 \u00e7er\u00e7evesinde bir dizi faaliyet ger\u00e7ekle\u015ftirdi. IRCICA Genel Direkt\u00f6r\u00fcn\u00fc temsilen \u0130slam Sanatlar\u0131 B\u00f6l\u00fcm\u00fc Ba\u015fkan\u0131 Said...<\/p>\n\t\t\t\t<\/div><\/a><a class=\"theme-btn-link\" href=\"https:\/\/arts.ircica.org\/tr\/etkinlik\/ircicanin-dubai-expo-2020deki-faaliyetleri-sergiler-hat-sanati-atolyesi-ve-konferans\"><div class=\"theme-btn theme-btn-outline-primary theme-hover-arrow\">Continue Reading<\/div><\/a><\/div><\/li><li data-jarallax='{\"speed\": 0.3}' class=\"jarallax vertical-parallax-image fullheight-parallax\" style=\"background-image:url(https:\/\/arts.ircica.org\/wp-content\/uploads\/2022\/10\/calligraphy-exhibition-during-the-putrajaya-international-islamic-arts-and-culture-festival-piiacuf-2019.jpg);\"><div class=\"bg-detect-and-display slideshow-box-info work-details\"><a href=\"https:\/\/arts.ircica.org\/tr\/etkinlik\/putrajaya-uluslararasi-islam-sanatlari-ve-kulturu-festivali-piiacuf\"><div class=\"heading-block\"><h2 class=\"line-standby photocard-title\">\n\t\t\t\tPutrajaya Uluslararas\u0131 \u0130slam Sanatlar\u0131 ve K\u00fclt\u00fcr\u00fc Festivali (PIIACUF)\n\t\t\t\t<\/h2><h3 class=\"photocard-subtitle\">\n\t\t\t\t\t25\/07\/2019\n\t\t\t\t<\/h3><\/div><div class=\"photocard-contents\">\n\t\t\t\t<p>5 . Putrajaya Uluslararas\u0131 \u0130slam Sanatlar\u0131 ve K\u00fclt\u00fcr\u00fc Festivali (PIIACUF) Malezya Ba\u015fbakan Yard\u0131mc\u0131s\u0131 Datuk Seri Dr. Wan Azizah Wan Ismail taraf\u0131ndan a\u00e7\u0131ld\u0131. Ba\u015fbakan Yard\u0131mc\u0131s\u0131...<\/p>\n\t\t\t\t<\/div><\/a><a class=\"theme-btn-link\" href=\"https:\/\/arts.ircica.org\/tr\/etkinlik\/putrajaya-uluslararasi-islam-sanatlari-ve-kulturu-festivali-piiacuf\"><div class=\"theme-btn theme-btn-outline-primary theme-hover-arrow\">Continue Reading<\/div><\/a><\/div><\/li><\/ul><\/div>\t\t<\/div>\n\t\t\t\t<\/div>\n\t\t\t\t\t<\/div>\n\t\t<\/div>\n\t\t\t\t\t<\/div>\n\t\t<\/section>\n\t\t\t\t<\/div>\n\t\t","protected":false},"excerpt":{"rendered":"<p>Etkinlikler Bahreyn \u00c7a\u011fda\u015f Sanat Derne\u011fi\u2019nde Hat Sergisi 12\/10\/2022 \u201cIRCICA Hattatlar Nesli: Uluslararas\u0131 Yar\u0131\u015fmalar\u0131n \u00d6d\u00fcll\u00fc Levhalar\u0131ndan Se\u00e7meler\u201d sergisi Manama, Bahreyn \u00c7a\u011fda\u015f Sanat Derne\u011fi\u2019nde 12 Ekim 2022\u2019de a\u00e7\u0131ld\u0131. IRCICA Genel Direkt\u00f6r\u00fc B\u00fcy\u00fckel\u00e7i Prof. Dr&#8230;. Continue Reading Uganda \u0130slam \u00dcniversitesi\u2019nde IRCICA\u2019n\u0131n k\u00fclt\u00fcr faaliyetleri 11\/06\/2022 \u0130slam \u0130\u015fbirli\u011fi Te\u015fkilat\u0131 (\u0130\u0130T) taraf\u0131ndan Uganda, Kampala\u2019da, \u0130\u0130T\u2019ye ba\u011fl\u0131 Uganda \u0130slam \u00dcniversitesinin (IUIU) ev sahipli\u011finde 11-12 Haz. 2022\u2019de iki g\u00fcnl\u00fck bir k\u00fclt\u00fcr program\u0131 d\u00fczenlendi&#8230;. Continue Reading IRCICA\u2019n\u0131n Dubai, Expo 2020\u2019deki faaliyetleri: sergiler, hat sanat\u0131 at\u00f6lyesi ve konferans 26\/12\/2021 IRCICA, [&hellip;]<\/p>\n","protected":false},"author":1,"featured_media":0,"parent":0,"menu_order":0,"comment_status":"closed","ping_status":"closed","template":"","meta":{"_mi_skip_tracking":false,"footnotes":""},"class_list":["post-3816","page","type-page","status-publish","hentry"],"aioseo_notices":[],"_links":{"self":[{"href":"https:\/\/arts.ircica.org\/tr\/wp-json\/wp\/v2\/pages\/3816","targetHints":{"allow":["GET"]}}],"collection":[{"href":"https:\/\/arts.ircica.org\/tr\/wp-json\/wp\/v2\/pages"}],"about":[{"href":"https:\/\/arts.ircica.org\/tr\/wp-json\/wp\/v2\/types\/page"}],"author":[{"embeddable":true,"href":"https:\/\/arts.ircica.org\/tr\/wp-json\/wp\/v2\/users\/1"}],"replies":[{"embeddable":true,"href":"https:\/\/arts.ircica.org\/tr\/wp-json\/wp\/v2\/comments?post=3816"}],"version-history":[{"count":12,"href":"https:\/\/arts.ircica.org\/tr\/wp-json\/wp\/v2\/pages\/3816\/revisions"}],"predecessor-version":[{"id":8673,"href":"https:\/\/arts.ircica.org\/tr\/wp-json\/wp\/v2\/pages\/3816\/revisions\/8673"}],"wp:attachment":[{"href":"https:\/\/arts.ircica.org\/tr\/wp-json\/wp\/v2\/media?parent=3816"}],"curies":[{"name":"wp","href":"https:\/\/api.w.org\/{rel}","templated":true}]}}