{"id":9888,"date":"2019-05-07T13:49:10","date_gmt":"2019-05-07T10:49:10","guid":{"rendered":"https:\/\/arts.ircica.org\/education"},"modified":"2024-05-28T12:22:20","modified_gmt":"2024-05-28T09:22:20","slug":"formation","status":"publish","type":"page","link":"https:\/\/arts.ircica.org\/fr\/formation","title":{"rendered":"Formation"},"content":{"rendered":"\t\t<div data-elementor-type=\"wp-post\" data-elementor-id=\"9888\" class=\"elementor elementor-9888 elementor-2505\" data-elementor-post-type=\"page\">\n\t\t\t\t\t\t<section class=\"jarallax lazyload elementor-section elementor-top-section elementor-element elementor-element-3f3fb71c elementor-section-boxed elementor-section-height-default elementor-section-height-default\" data-jarallax=\"\" data-speed=\"0.75\" data-type=\"scroll\" data-parallax=\"scroll\" style=\"background-image:url(&quot;https:\/\/arts.ircica.org\/wp-content\/uploads\/2023\/04\/bg.jpeg&quot;);\" data-image-src=\"https:\/\/arts.ircica.org\/wp-content\/uploads\/2023\/04\/bg.jpeg\" data-id=\"3f3fb71c\" data-element_type=\"section\" data-settings=\"{&quot;background_background&quot;:&quot;classic&quot;}\">\n\t\t\t\t\t\t\t<div class=\"elementor-background-overlay\"><\/div>\n\t\t\t\t\t\t\t<div class=\"elementor-container elementor-column-gap-default\">\n\t\t\t\t\t<div class=\"elementor-column elementor-col-100 elementor-top-column elementor-element elementor-element-dc6d81a\" data-id=\"dc6d81a\" data-element_type=\"column\">\n\t\t\t<div class=\"elementor-widget-wrap elementor-element-populated\">\n\t\t\t\t\t\t<div class=\"elementor-element elementor-element-7229340d section-align-center section-size-default subtitle-style-default elementor-widget elementor-widget-section-heading\" data-id=\"7229340d\" data-element_type=\"widget\" data-widget_type=\"section-heading.default\">\n\t\t\t\t<div class=\"elementor-widget-container\">\n\t\t\t<div class=\"section-heading headingstyle-default\"><div class=\"section-title-wrapper\"><h2 class=\"entry-title section-title\">Programmes de formation<\/h2><\/div><div class=\"section-description clearfix\"><div class=\"section-description-inner\"><p>L\u2019IRCICA propose une formation en ligne en calligraphie islamique deux fois par semaine ainsi qu\u2019une formation en enluminure en ligne hebdomadaire. Ces formations sont suivies par des stagiaires de tous les pays, de tous les \u00e2ges et de tous les niveaux \u00e9ducatifs et peuvent mener \u00e0 une <em>idjazah<\/em>, licence, accord\u00e9e par le ma\u00eetre \u00e0 son \u00e9l\u00e8ve \u00e0 l\u2019issue de la r\u00e9ussite de ce dernier dans la formation. L\u2019IRCICA organise \u00e9galement des ateliers de calligraphie, d\u2019enluminure et de divers arts du livre dans le cadre de congr\u00e8s d\u2019art, de festivals et d\u2019expositions dans divers pays.<\/p>\n<\/div><\/div><\/div>\t\t<\/div>\n\t\t\t\t<\/div>\n\t\t\t\t\t<\/div>\n\t\t<\/div>\n\t\t\t\t\t<\/div>\n\t\t<\/section>\n\t\t\t\t<section class=\"elementor-section elementor-top-section elementor-element elementor-element-0b23045 elementor-section-boxed elementor-section-height-default elementor-section-height-default\" data-id=\"0b23045\" data-element_type=\"section\">\n\t\t\t\t\t\t<div class=\"elementor-container elementor-column-gap-default\">\n\t\t\t\t\t<div class=\"elementor-column elementor-col-100 elementor-top-column elementor-element elementor-element-62285ec\" data-id=\"62285ec\" data-element_type=\"column\">\n\t\t\t<div class=\"elementor-widget-wrap elementor-element-populated\">\n\t\t\t\t\t\t<div class=\"elementor-element elementor-element-96f6ebb elementor-widget elementor-widget-text-editor\" data-id=\"96f6ebb\" data-element_type=\"widget\" data-widget_type=\"text-editor.default\">\n\t\t\t\t<div class=\"elementor-widget-container\">\n\t\t\t\t\t\t\t<p><iframe title=\"YouTube video player\" src=\"https:\/\/www.youtube.com\/embed\/videoseries?list=PLpvbS2C-SdltgRnEvtSSmU_fSIbUnKCVD\" width=\"auto\" height=\"630\" frameborder=\"0\" allowfullscreen=\"allowfullscreen\"><\/iframe><\/p>\n\t\t\t\t\t\t<\/div>\n\t\t\t\t<\/div>\n\t\t\t\t\t<\/div>\n\t\t<\/div>\n\t\t\t\t\t<\/div>\n\t\t<\/section>\n\t\t\t\t<section class=\"elementor-section elementor-top-section elementor-element elementor-element-303c319 elementor-section-boxed elementor-section-height-default elementor-section-height-default\" data-id=\"303c319\" data-element_type=\"section\">\n\t\t\t\t\t\t<div class=\"elementor-container elementor-column-gap-default\">\n\t\t\t\t\t<div class=\"elementor-column elementor-col-100 elementor-top-column elementor-element elementor-element-ecca634\" data-id=\"ecca634\" data-element_type=\"column\">\n\t\t\t<div class=\"elementor-widget-wrap elementor-element-populated\">\n\t\t\t\t\t\t<div class=\"elementor-element elementor-element-a01a13f elementor-widget elementor-widget-text-editor\" data-id=\"a01a13f\" data-element_type=\"widget\" data-widget_type=\"text-editor.default\">\n\t\t\t\t<div class=\"elementor-widget-container\">\n\t\t\t\t\t\t\t<p><iframe title=\"YouTube video player\" src=\"https:\/\/www.youtube.com\/embed\/videoseries?list=PLpvbS2C-SdluGzrCfyOqAbqnQMHRwc2Aw\" width=\"auto\" height=\"630\" frameborder=\"0\" allowfullscreen=\"allowfullscreen\"><\/iframe><\/p>\n\t\t\t\t\t\t<\/div>\n\t\t\t\t<\/div>\n\t\t\t\t\t<\/div>\n\t\t<\/div>\n\t\t\t\t\t<\/div>\n\t\t<\/section>\n\t\t\t\t<section class=\"elementor-section elementor-top-section elementor-element elementor-element-208e58b elementor-section-boxed elementor-section-height-default elementor-section-height-default\" data-id=\"208e58b\" data-element_type=\"section\">\n\t\t\t\t\t\t<div class=\"elementor-container elementor-column-gap-default\">\n\t\t\t\t\t<div class=\"elementor-column elementor-col-100 elementor-top-column elementor-element elementor-element-2616ed1\" data-id=\"2616ed1\" data-element_type=\"column\">\n\t\t\t<div class=\"elementor-widget-wrap elementor-element-populated\">\n\t\t\t\t\t\t<div class=\"elementor-element elementor-element-d7c9be1 elementor-widget elementor-widget-text-editor\" data-id=\"d7c9be1\" data-element_type=\"widget\" data-widget_type=\"text-editor.default\">\n\t\t\t\t<div class=\"elementor-widget-container\">\n\t\t\t\t\t\t\t<p><iframe title=\"YouTube video player\" src=\"https:\/\/www.youtube.com\/embed\/videoseries?list=PLpvbS2C-SdlukKAbKDDcFVtvM4zSbeYDF\" width=\"auto\" height=\"630\" frameborder=\"0\" allowfullscreen=\"allowfullscreen\"><\/iframe><\/p>\n\t\t\t\t\t\t<\/div>\n\t\t\t\t<\/div>\n\t\t\t\t\t<\/div>\n\t\t<\/div>\n\t\t\t\t\t<\/div>\n\t\t<\/section>\n\t\t\t\t<section class=\"elementor-section elementor-top-section elementor-element elementor-element-665f58e3 elementor-hidden-desktop elementor-hidden-tablet elementor-hidden-mobile elementor-section-boxed elementor-section-height-default elementor-section-height-default\" data-id=\"665f58e3\" data-element_type=\"section\" data-settings=\"{&quot;background_background&quot;:&quot;classic&quot;}\">\n\t\t\t\t\t\t<div class=\"elementor-container elementor-column-gap-wider\">\n\t\t\t\t\t<div class=\"elementor-column elementor-col-33 elementor-top-column elementor-element elementor-element-10f1beff\" data-id=\"10f1beff\" data-element_type=\"column\">\n\t\t\t<div class=\"elementor-widget-wrap elementor-element-populated\">\n\t\t\t\t\t\t<div class=\"elementor-element elementor-element-255da024 service-box-view-default elementor-invisible elementor-widget elementor-widget-service-box\" data-id=\"255da024\" data-element_type=\"widget\" data-settings=\"{&quot;_animation&quot;:&quot;fadeIn&quot;}\" data-widget_type=\"service-box.default\">\n\t\t\t\t<div class=\"elementor-widget-container\">\n\t\t\t<div class=\"service-column none service-column-1 service-boxes-icon-with-title true alignicon-top alignicon-top-horizontal serviceboxes-horizontal clearfix\"> <div class=\"service-item none service-item-space\"><div class=\"service-item-inner service-icon-size-small\"><div class=\"service-icon\"><span class=\"icon-outer\"><i class=\"fontawesome in-circle  ion-ios-analytics-outline\"><\/i><\/span><\/div><div class=\"service-content\"><h4><a  href=\"#\" >Photo Sessions<\/a><\/h4><div class=\"service-details\"><p> Integer posuere erat a ante venenatis dapibus posuere velit aliquet. Cras mattis consectetur purus sit amet fermentum. <\/p>\n<a class=\"theme-btn-link\" href=\"#\"><div class=\"theme-btn theme-btn-outline-primary theme-hover-arrow\">En savoir plus<\/div><\/a><\/div><\/div><\/div><\/div> <\/div>\t\t<\/div>\n\t\t\t\t<\/div>\n\t\t\t\t\t<\/div>\n\t\t<\/div>\n\t\t\t\t<div class=\"elementor-column elementor-col-33 elementor-top-column elementor-element elementor-element-1f213166\" data-id=\"1f213166\" data-element_type=\"column\">\n\t\t\t<div class=\"elementor-widget-wrap elementor-element-populated\">\n\t\t\t\t\t\t<div class=\"elementor-element elementor-element-4e28528d service-box-view-default elementor-invisible elementor-widget elementor-widget-service-box\" data-id=\"4e28528d\" data-element_type=\"widget\" data-settings=\"{&quot;_animation&quot;:&quot;fadeIn&quot;}\" data-widget_type=\"service-box.default\">\n\t\t\t\t<div class=\"elementor-widget-container\">\n\t\t\t<div class=\"service-column none service-column-1 service-boxes-icon-with-title true alignicon-top alignicon-top-horizontal serviceboxes-horizontal clearfix\"> <div class=\"service-item none service-item-space\"><div class=\"service-item-inner service-icon-size-small\"><div class=\"service-icon\"><span class=\"icon-outer\"><i class=\"fontawesome in-circle  ion-ios-analytics\"><\/i><\/span><\/div><div class=\"service-content\"><h4><a  href=\"#\" >Occasions<\/a><\/h4><div class=\"service-details\"><p> Integer posuere erat a ante venenatis dapibus posuere velit aliquet. Cras mattis consectetur purus sit amet fermentum. <\/p>\n<a class=\"theme-btn-link\" href=\"#\"><div class=\"theme-btn theme-btn-outline-primary theme-hover-arrow\">Read more<\/div><\/a><\/div><\/div><\/div><\/div> <\/div>\t\t<\/div>\n\t\t\t\t<\/div>\n\t\t\t\t\t<\/div>\n\t\t<\/div>\n\t\t\t\t<div class=\"elementor-column elementor-col-33 elementor-top-column elementor-element elementor-element-1003fee9\" data-id=\"1003fee9\" data-element_type=\"column\">\n\t\t\t<div class=\"elementor-widget-wrap elementor-element-populated\">\n\t\t\t\t\t\t<div class=\"elementor-element elementor-element-4f8ccc2c service-box-view-default elementor-invisible elementor-widget elementor-widget-service-box\" data-id=\"4f8ccc2c\" data-element_type=\"widget\" data-settings=\"{&quot;_animation&quot;:&quot;fadeIn&quot;}\" data-widget_type=\"service-box.default\">\n\t\t\t\t<div class=\"elementor-widget-container\">\n\t\t\t<div class=\"service-column none service-column-1 service-boxes-icon-with-title true alignicon-top alignicon-top-horizontal serviceboxes-horizontal clearfix\"> <div class=\"service-item none service-item-space\"><div class=\"service-item-inner service-icon-size-small\"><div class=\"service-icon\"><span class=\"icon-outer\"><i class=\"fontawesome in-circle  ion-ios-checkmark-outline\"><\/i><\/span><\/div><div class=\"service-content\"><h4><a  href=\"#\" >Coverage<\/a><\/h4><div class=\"service-details\"><p> Integer posuere erat a ante venenatis dapibus posuere velit aliquet. Cras mattis consectetur purus sit amet fermentum. <\/p>\n<a class=\"theme-btn-link\" href=\"#\"><div class=\"theme-btn theme-btn-outline-primary theme-hover-arrow\">Read more<\/div><\/a><\/div><\/div><\/div><\/div> <\/div>\t\t<\/div>\n\t\t\t\t<\/div>\n\t\t\t\t\t<\/div>\n\t\t<\/div>\n\t\t\t\t\t<\/div>\n\t\t<\/section>\n\t\t\t\t<section class=\"elementor-section elementor-top-section elementor-element elementor-element-7f54e68c elementor-hidden-desktop elementor-hidden-tablet elementor-hidden-mobile elementor-section-boxed elementor-section-height-default elementor-section-height-default\" data-id=\"7f54e68c\" data-element_type=\"section\" data-settings=\"{&quot;background_background&quot;:&quot;classic&quot;}\">\n\t\t\t\t\t\t<div class=\"elementor-container elementor-column-gap-wider\">\n\t\t\t\t\t<div class=\"elementor-column elementor-col-33 elementor-top-column elementor-element elementor-element-400a07a\" data-id=\"400a07a\" data-element_type=\"column\">\n\t\t\t<div class=\"elementor-widget-wrap elementor-element-populated\">\n\t\t\t\t\t\t<div class=\"elementor-element elementor-element-1a0d96b5 service-box-view-default elementor-invisible elementor-widget elementor-widget-service-box\" data-id=\"1a0d96b5\" data-element_type=\"widget\" data-settings=\"{&quot;_animation&quot;:&quot;fadeIn&quot;}\" data-widget_type=\"service-box.default\">\n\t\t\t\t<div class=\"elementor-widget-container\">\n\t\t\t<div class=\"service-column none service-column-1 service-boxes-icon-with-title true alignicon-top alignicon-top-horizontal serviceboxes-horizontal clearfix\"> <div class=\"service-item none service-item-space\"><div class=\"service-item-inner service-icon-size-small\"><div class=\"service-icon\"><span class=\"icon-outer\"><i class=\"fontawesome in-circle  ion-ios-lightbulb-outline\"><\/i><\/span><\/div><div class=\"service-content\"><h4><a  href=\"#\" >Creative<\/a><\/h4><div class=\"service-details\"><p> Integer posuere erat a ante venenatis dapibus posuere velit aliquet. Cras mattis consectetur purus sit amet fermentum. <\/p>\n<a class=\"theme-btn-link\" href=\"#\"><div class=\"theme-btn theme-btn-outline-primary theme-hover-arrow\">Read more<\/div><\/a><\/div><\/div><\/div><\/div> <\/div>\t\t<\/div>\n\t\t\t\t<\/div>\n\t\t\t\t\t<\/div>\n\t\t<\/div>\n\t\t\t\t<div class=\"elementor-column elementor-col-33 elementor-top-column elementor-element elementor-element-52eb5a06\" data-id=\"52eb5a06\" data-element_type=\"column\">\n\t\t\t<div class=\"elementor-widget-wrap elementor-element-populated\">\n\t\t\t\t\t\t<div class=\"elementor-element elementor-element-40db8900 service-box-view-default elementor-invisible elementor-widget elementor-widget-service-box\" data-id=\"40db8900\" data-element_type=\"widget\" data-settings=\"{&quot;_animation&quot;:&quot;fadeIn&quot;}\" data-widget_type=\"service-box.default\">\n\t\t\t\t<div class=\"elementor-widget-container\">\n\t\t\t<div class=\"service-column none service-column-1 service-boxes-icon-with-title true alignicon-top alignicon-top-horizontal serviceboxes-horizontal clearfix\"> <div class=\"service-item none service-item-space\"><div class=\"service-item-inner service-icon-size-small\"><div class=\"service-icon\"><span class=\"icon-outer\"><i class=\"fontawesome in-circle  ion-ios-flower-outline\"><\/i><\/span><\/div><div class=\"service-content\"><h4><a  href=\"#\" >Parties<\/a><\/h4><div class=\"service-details\"><p> Integer posuere erat a ante venenatis dapibus posuere velit aliquet. Cras mattis consectetur purus sit amet fermentum. <\/p>\n<a class=\"theme-btn-link\" href=\"#\"><div class=\"theme-btn theme-btn-outline-primary theme-hover-arrow\">Read more<\/div><\/a><\/div><\/div><\/div><\/div> <\/div>\t\t<\/div>\n\t\t\t\t<\/div>\n\t\t\t\t\t<\/div>\n\t\t<\/div>\n\t\t\t\t<div class=\"elementor-column elementor-col-33 elementor-top-column elementor-element elementor-element-63ca97e7\" data-id=\"63ca97e7\" data-element_type=\"column\">\n\t\t\t<div class=\"elementor-widget-wrap elementor-element-populated\">\n\t\t\t\t\t\t<div class=\"elementor-element elementor-element-57aa137e service-box-view-default elementor-invisible elementor-widget elementor-widget-service-box\" data-id=\"57aa137e\" data-element_type=\"widget\" data-settings=\"{&quot;_animation&quot;:&quot;fadeIn&quot;}\" data-widget_type=\"service-box.default\">\n\t\t\t\t<div class=\"elementor-widget-container\">\n\t\t\t<div class=\"service-column none service-column-1 service-boxes-icon-with-title true alignicon-top alignicon-top-horizontal serviceboxes-horizontal clearfix\"> <div class=\"service-item none service-item-space\"><div class=\"service-item-inner service-icon-size-small\"><div class=\"service-icon\"><span class=\"icon-outer\"><i class=\"fontawesome in-circle  ion-ios-heart-outline\"><\/i><\/span><\/div><div class=\"service-content\"><h4><a  href=\"#\" >Weddings<\/a><\/h4><div class=\"service-details\"><p> Integer posuere erat a ante venenatis dapibus posuere velit aliquet. Cras mattis consectetur purus sit amet fermentum. <\/p>\n<a class=\"theme-btn-link\" href=\"#\"><div class=\"theme-btn theme-btn-outline-primary theme-hover-arrow\">Read more<\/div><\/a><\/div><\/div><\/div><\/div> <\/div>\t\t<\/div>\n\t\t\t\t<\/div>\n\t\t\t\t\t<\/div>\n\t\t<\/div>\n\t\t\t\t\t<\/div>\n\t\t<\/section>\n\t\t\t\t<section class=\"elementor-section elementor-top-section elementor-element elementor-element-5d7f5be elementor-hidden-desktop elementor-hidden-tablet elementor-hidden-mobile elementor-section-boxed elementor-section-height-default elementor-section-height-default\" data-id=\"5d7f5be\" data-element_type=\"section\" data-settings=\"{&quot;background_background&quot;:&quot;classic&quot;}\">\n\t\t\t\t\t\t<div class=\"elementor-container elementor-column-gap-default\">\n\t\t\t\t\t<div class=\"elementor-column elementor-col-100 elementor-top-column elementor-element elementor-element-60299e1b elementor-invisible\" data-id=\"60299e1b\" data-element_type=\"column\" data-settings=\"{&quot;background_background&quot;:&quot;classic&quot;,&quot;animation&quot;:&quot;zoomIn&quot;}\">\n\t\t\t<div class=\"elementor-widget-wrap elementor-element-populated\">\n\t\t\t\t\t<div class=\"elementor-background-overlay\"><\/div>\n\t\t\t\t\t\t<div class=\"elementor-element elementor-element-2b4fc2b0 section-align-center section-size-default subtitle-style-default elementor-widget elementor-widget-section-heading\" data-id=\"2b4fc2b0\" data-element_type=\"widget\" data-widget_type=\"section-heading.default\">\n\t\t\t\t<div class=\"elementor-widget-container\">\n\t\t\t<div class=\"section-heading headingstyle-default\"><div class=\"section-title-wrapper\"><h2 class=\"entry-title section-title\">Visual and Creative Publications<\/h2><\/div><div class=\"section-description clearfix\"><div class=\"section-description-inner\"><p>Integer sed tincidunt dui. Cras tincidunt at risus vitae ultrices. Sed at placerat diam. Nam ornare feugiat blandit. Suspendisse potenti.<\/p>\n<\/div><\/div><div class=\"section-button\"><a  target=\"_blank\" rel=\"nofollow\" href=\"#\"><div class=\"mtheme-button\">Contactez nous<\/div><\/a><\/div><\/div>\t\t<\/div>\n\t\t\t\t<\/div>\n\t\t\t\t\t<\/div>\n\t\t<\/div>\n\t\t\t\t\t<\/div>\n\t\t<\/section>\n\t\t\t\t<\/div>\n\t\t","protected":false},"excerpt":{"rendered":"<p>Programmes de formation L\u2019IRCICA propose une formation en ligne en calligraphie islamique deux fois par semaine ainsi qu\u2019une formation en enluminure en ligne hebdomadaire. Ces formations sont suivies par des stagiaires de tous les pays, de tous les \u00e2ges et de tous les niveaux \u00e9ducatifs et peuvent mener \u00e0 une idjazah, licence, accord\u00e9e par le ma\u00eetre \u00e0 son \u00e9l\u00e8ve \u00e0 l\u2019issue de la r\u00e9ussite de ce dernier dans la formation. L\u2019IRCICA organise \u00e9galement des ateliers de calligraphie, d\u2019enluminure et de [&hellip;]<\/p>\n","protected":false},"author":1,"featured_media":0,"parent":0,"menu_order":0,"comment_status":"closed","ping_status":"closed","template":"","meta":{"_mi_skip_tracking":false,"footnotes":""},"class_list":["post-9888","page","type-page","status-publish","hentry"],"aioseo_notices":[],"_links":{"self":[{"href":"https:\/\/arts.ircica.org\/fr\/wp-json\/wp\/v2\/pages\/9888","targetHints":{"allow":["GET"]}}],"collection":[{"href":"https:\/\/arts.ircica.org\/fr\/wp-json\/wp\/v2\/pages"}],"about":[{"href":"https:\/\/arts.ircica.org\/fr\/wp-json\/wp\/v2\/types\/page"}],"author":[{"embeddable":true,"href":"https:\/\/arts.ircica.org\/fr\/wp-json\/wp\/v2\/users\/1"}],"replies":[{"embeddable":true,"href":"https:\/\/arts.ircica.org\/fr\/wp-json\/wp\/v2\/comments?post=9888"}],"version-history":[{"count":8,"href":"https:\/\/arts.ircica.org\/fr\/wp-json\/wp\/v2\/pages\/9888\/revisions"}],"predecessor-version":[{"id":10096,"href":"https:\/\/arts.ircica.org\/fr\/wp-json\/wp\/v2\/pages\/9888\/revisions\/10096"}],"wp:attachment":[{"href":"https:\/\/arts.ircica.org\/fr\/wp-json\/wp\/v2\/media?parent=9888"}],"curies":[{"name":"wp","href":"https:\/\/api.w.org\/{rel}","templated":true}]}}