{"id":3819,"date":"2018-09-15T16:37:38","date_gmt":"2018-09-15T13:37:38","guid":{"rendered":"https:\/\/arts.ircica.org\/activites"},"modified":"2023-07-03T15:17:10","modified_gmt":"2023-07-03T12:17:10","slug":"activites","status":"publish","type":"page","link":"https:\/\/arts.ircica.org\/fr\/activites","title":{"rendered":"Activit\u00e9s"},"content":{"rendered":"\t\t<div data-elementor-type=\"wp-post\" data-elementor-id=\"3819\" class=\"elementor elementor-3819 elementor-1297\" data-elementor-post-type=\"page\">\n\t\t\t\t\t\t<section class=\"jarallax lazyload elementor-section elementor-top-section elementor-element elementor-element-99bc507 elementor-section-boxed elementor-section-height-default elementor-section-height-default\" data-jarallax=\"\" data-speed=\"0.75\" data-type=\"scroll\" data-parallax=\"scroll\" style=\"background-image:url(&quot;https:\/\/arts.ircica.org\/wp-content\/uploads\/2023\/04\/bg.jpeg&quot;);\" data-image-src=\"https:\/\/arts.ircica.org\/wp-content\/uploads\/2023\/04\/bg.jpeg\" data-id=\"99bc507\" data-element_type=\"section\" data-settings=\"{&quot;background_background&quot;:&quot;classic&quot;}\">\n\t\t\t\t\t\t\t<div class=\"elementor-background-overlay\"><\/div>\n\t\t\t\t\t\t\t<div class=\"elementor-container elementor-column-gap-default\">\n\t\t\t\t\t<div class=\"elementor-column elementor-col-100 elementor-top-column elementor-element elementor-element-d589353\" data-id=\"d589353\" data-element_type=\"column\">\n\t\t\t<div class=\"elementor-widget-wrap elementor-element-populated\">\n\t\t\t\t\t\t<div class=\"elementor-element elementor-element-c2c4e49 section-align-center section-size-default subtitle-style-default elementor-widget elementor-widget-section-heading\" data-id=\"c2c4e49\" data-element_type=\"widget\" data-widget_type=\"section-heading.default\">\n\t\t\t\t<div class=\"elementor-widget-container\">\n\t\t\t<div class=\"section-heading headingstyle-default\"><div class=\"section-title-wrapper\"><h2 class=\"entry-title section-title\">Activit\u00e9s<\/h2><\/div><\/div>\t\t<\/div>\n\t\t\t\t<\/div>\n\t\t\t\t\t<\/div>\n\t\t<\/div>\n\t\t\t\t\t<\/div>\n\t\t<\/section>\n\t\t\t\t<section class=\"elementor-section elementor-top-section elementor-element elementor-element-9a7a741 elementor-section-boxed elementor-section-height-default elementor-section-height-default\" data-id=\"9a7a741\" data-element_type=\"section\">\n\t\t\t\t\t\t<div class=\"elementor-container elementor-column-gap-no\">\n\t\t\t\t\t<div class=\"elementor-column elementor-col-100 elementor-top-column elementor-element elementor-element-e7ebc12\" data-id=\"e7ebc12\" data-element_type=\"column\">\n\t\t\t<div class=\"elementor-widget-wrap elementor-element-populated\">\n\t\t\t\t\t\t<div class=\"elementor-element elementor-element-5e853c1 blog-parallax-align-center elementor-widget elementor-widget-blog-parallax\" data-id=\"5e853c1\" data-element_type=\"widget\" data-widget_type=\"blog-parallax.default\">\n\t\t\t\t<div class=\"elementor-widget-container\">\n\t\t\t<div class=\"gridblock-blog-parallax gridblock-parallax-wrap clearfix\"><ul><li data-jarallax='{\"speed\": 0.3}' class=\"jarallax vertical-parallax-image fullheight-parallax\" style=\"background-image:url(https:\/\/arts.ircica.org\/wp-content\/uploads\/2022\/10\/calligraphy-exhibition-and-workshop-at-bahrain-contemporary-art-association.jpg);\"><div class=\"bg-detect-and-display slideshow-box-info work-details\"><a href=\"https:\/\/arts.ircica.org\/fr\/activite\/exposition-et-atelier-de-calligraphie-a-lassociation-dart-contemporain-de-bahrein\"><div class=\"heading-block\"><h2 class=\"line-standby photocard-title\">\n\t\t\t\tExposition et atelier de calligraphie \u00e0 l\u2019Association d\u2019art contemporain de Bahre\u00efn\n\t\t\t\t<\/h2><h3 class=\"photocard-subtitle\">\n\t\t\t\t\t12\/10\/2022\n\t\t\t\t<\/h3><\/div><div class=\"photocard-contents\">\n\t\t\t\t<p>L\u2019exposition \u00ab G\u00e9n\u00e9ration des calligraphes de l\u2019IRCICA\u00a0: \u00e9chantillons d\u2019\u0153uvres prim\u00e9es dans des concours internationaux\u00a0\u00bb, organis\u00e9e conjointement avec l\u2019Association d\u2019art contemporain de Bahre\u00efn, a \u00e9t\u00e9...<\/p>\n\t\t\t\t<\/div><\/a><a class=\"theme-btn-link\" href=\"https:\/\/arts.ircica.org\/fr\/activite\/exposition-et-atelier-de-calligraphie-a-lassociation-dart-contemporain-de-bahrein\"><div class=\"theme-btn theme-btn-outline-primary theme-hover-arrow\">Continue Reading<\/div><\/a><\/div><\/li><li data-jarallax='{\"speed\": 0.3}' class=\"jarallax vertical-parallax-image fullheight-parallax\" style=\"background-image:url(https:\/\/arts.ircica.org\/wp-content\/uploads\/2022\/10\/ircicas-activities-at-iuiu-kampala-uganda-11-12-june-2022-1.jpg);\"><div class=\"bg-detect-and-display slideshow-box-info work-details\"><a href=\"https:\/\/arts.ircica.org\/fr\/activite\/activites-de-lircica-a-liuiu\"><div class=\"heading-block\"><h2 class=\"line-standby photocard-title\">\n\t\t\t\tActivit\u00e9s de l\u2019IRCICA \u00e0 l\u2019IUIU\n\t\t\t\t<\/h2><h3 class=\"photocard-subtitle\">\n\t\t\t\t\t11\/06\/2022\n\t\t\t\t<\/h3><\/div><div class=\"photocard-contents\">\n\t\t\t\t<p>Un programme culturel de deux jours a \u00e9t\u00e9 organis\u00e9 par l\u2019OCI et accueilli par l\u2019Universit\u00e9 islamique en Ouganda (IUIU, une institution affili\u00e9e \u00e0 l\u2019OCI),...<\/p>\n\t\t\t\t<\/div><\/a><a class=\"theme-btn-link\" href=\"https:\/\/arts.ircica.org\/fr\/activite\/activites-de-lircica-a-liuiu\"><div class=\"theme-btn theme-btn-outline-primary theme-hover-arrow\">Continue Reading<\/div><\/a><\/div><\/li><li data-jarallax='{\"speed\": 0.3}' class=\"jarallax vertical-parallax-image fullheight-parallax\" style=\"background-image:url(https:\/\/arts.ircica.org\/wp-content\/uploads\/2022\/10\/ircicas-art-exhibitions-workshop-and-lecture-at-expo-2020-dubai.jpg);\"><div class=\"bg-detect-and-display slideshow-box-info work-details\"><a href=\"https:\/\/arts.ircica.org\/fr\/activite\/activites-de-lircica-a-lexpo-2020-dubai-expositions-atelier-dart-et-conference\"><div class=\"heading-block\"><h2 class=\"line-standby photocard-title\">\n\t\t\t\tActivit\u00e9s de l\u2019IRCICA \u00e0 l\u2019Expo 2020 Duba\u00ef : expositions, atelier d\u2019art et conf\u00e9rence\n\t\t\t\t<\/h2><h3 class=\"photocard-subtitle\">\n\t\t\t\t\t26\/12\/2021\n\t\t\t\t<\/h3><\/div><div class=\"photocard-contents\">\n\t\t\t\t<p>L\u2019IRCICA a organis\u00e9 une s\u00e9rie d\u2019activit\u00e9s \u00e0 l\u2019Expo 2020 Duba\u00ef dans le cadre de la participation de l\u2019OCI \u00e0 l\u2019\u00e9v\u00e9nement. Le pavillon de l\u2019IRCICA,...<\/p>\n\t\t\t\t<\/div><\/a><a class=\"theme-btn-link\" href=\"https:\/\/arts.ircica.org\/fr\/activite\/activites-de-lircica-a-lexpo-2020-dubai-expositions-atelier-dart-et-conference\"><div class=\"theme-btn theme-btn-outline-primary theme-hover-arrow\">Continue Reading<\/div><\/a><\/div><\/li><li data-jarallax='{\"speed\": 0.3}' class=\"jarallax vertical-parallax-image fullheight-parallax\" style=\"background-image:url(https:\/\/arts.ircica.org\/wp-content\/uploads\/2022\/10\/calligraphy-exhibition-during-the-putrajaya-international-islamic-arts-and-culture-festival-piiacuf-2019.jpg);\"><div class=\"bg-detect-and-display slideshow-box-info work-details\"><a href=\"https:\/\/arts.ircica.org\/fr\/activite\/exposition-de-calligraphie-au-festival-international-des-arts-et-de-la-culture-islamiques-de-putrajaya\"><div class=\"heading-block\"><h2 class=\"line-standby photocard-title\">\n\t\t\t\tExposition de calligraphie au Festival international des arts et de la culture islamiques de Putrajaya\n\t\t\t\t<\/h2><h3 class=\"photocard-subtitle\">\n\t\t\t\t\t25\/07\/2019\n\t\t\t\t<\/h3><\/div><div class=\"photocard-contents\">\n\t\t\t\t<p>La cinqui\u00e8me \u00e9dition du Festival international des arts et de la culture islamiques de Putrajaya a \u00e9t\u00e9 ouverte par Datuk Seri le Dr. Wan...<\/p>\n\t\t\t\t<\/div><\/a><a class=\"theme-btn-link\" href=\"https:\/\/arts.ircica.org\/fr\/activite\/exposition-de-calligraphie-au-festival-international-des-arts-et-de-la-culture-islamiques-de-putrajaya\"><div class=\"theme-btn theme-btn-outline-primary theme-hover-arrow\">Continue Reading<\/div><\/a><\/div><\/li><\/ul><\/div>\t\t<\/div>\n\t\t\t\t<\/div>\n\t\t\t\t\t<\/div>\n\t\t<\/div>\n\t\t\t\t\t<\/div>\n\t\t<\/section>\n\t\t\t\t<\/div>\n\t\t","protected":false},"excerpt":{"rendered":"<p>Activit\u00e9s Bahreyn \u00c7a\u011fda\u015f Sanat Derne\u011fi\u2019nde Hat Sergisi 12\/10\/2022 \u201cIRCICA Hattatlar Nesli: Uluslararas\u0131 Yar\u0131\u015fmalar\u0131n \u00d6d\u00fcll\u00fc Levhalar\u0131ndan Se\u00e7meler\u201d sergisi Manama, Bahreyn \u00c7a\u011fda\u015f Sanat Derne\u011fi\u2019nde 12 Ekim 2022\u2019de a\u00e7\u0131ld\u0131. IRCICA Genel Direkt\u00f6r\u00fc B\u00fcy\u00fckel\u00e7i Prof. Dr&#8230;. Continue Reading Uganda \u0130slam \u00dcniversitesi\u2019nde IRCICA\u2019n\u0131n k\u00fclt\u00fcr faaliyetleri 11\/06\/2022 \u0130slam \u0130\u015fbirli\u011fi Te\u015fkilat\u0131 (\u0130\u0130T) taraf\u0131ndan Uganda, Kampala\u2019da, \u0130\u0130T\u2019ye ba\u011fl\u0131 Uganda \u0130slam \u00dcniversitesinin (IUIU) ev sahipli\u011finde 11-12 Haz. 2022\u2019de iki g\u00fcnl\u00fck bir k\u00fclt\u00fcr program\u0131 d\u00fczenlendi&#8230;. Continue Reading IRCICA\u2019n\u0131n Dubai, Expo 2020\u2019deki faaliyetleri: sergiler, hat sanat\u0131 at\u00f6lyesi ve konferans 26\/12\/2021 IRCICA, [&hellip;]<\/p>\n","protected":false},"author":1,"featured_media":0,"parent":0,"menu_order":0,"comment_status":"closed","ping_status":"closed","template":"","meta":{"_mi_skip_tracking":false,"footnotes":""},"class_list":["post-3819","page","type-page","status-publish","hentry"],"aioseo_notices":[],"_links":{"self":[{"href":"https:\/\/arts.ircica.org\/fr\/wp-json\/wp\/v2\/pages\/3819","targetHints":{"allow":["GET"]}}],"collection":[{"href":"https:\/\/arts.ircica.org\/fr\/wp-json\/wp\/v2\/pages"}],"about":[{"href":"https:\/\/arts.ircica.org\/fr\/wp-json\/wp\/v2\/types\/page"}],"author":[{"embeddable":true,"href":"https:\/\/arts.ircica.org\/fr\/wp-json\/wp\/v2\/users\/1"}],"replies":[{"embeddable":true,"href":"https:\/\/arts.ircica.org\/fr\/wp-json\/wp\/v2\/comments?post=3819"}],"version-history":[{"count":6,"href":"https:\/\/arts.ircica.org\/fr\/wp-json\/wp\/v2\/pages\/3819\/revisions"}],"predecessor-version":[{"id":8676,"href":"https:\/\/arts.ircica.org\/fr\/wp-json\/wp\/v2\/pages\/3819\/revisions\/8676"}],"wp:attachment":[{"href":"https:\/\/arts.ircica.org\/fr\/wp-json\/wp\/v2\/media?parent=3819"}],"curies":[{"name":"wp","href":"https:\/\/api.w.org\/{rel}","templated":true}]}}