{"id":9417,"date":"2018-08-16T14:06:13","date_gmt":"2018-08-16T11:06:13","guid":{"rendered":"https:\/\/arts.ircica.org\/contact-us"},"modified":"2024-01-19T12:54:10","modified_gmt":"2024-01-19T09:54:10","slug":"%d8%aa%d9%88%d8%a7%d8%b5%d9%84-%d9%85%d8%b9%d9%86%d8%a7","status":"publish","type":"page","link":"https:\/\/arts.ircica.org\/ar\/%d8%aa%d9%88%d8%a7%d8%b5%d9%84-%d9%85%d8%b9%d9%86%d8%a7","title":{"rendered":"\u062a\u0648\u0627\u0635\u0644 \u0645\u0639\u0646\u0627"},"content":{"rendered":"\t\t<div data-elementor-type=\"wp-post\" data-elementor-id=\"9417\" class=\"elementor elementor-9417 elementor-681\" data-elementor-post-type=\"page\">\n\t\t\t\t\t\t<section class=\"jarallax lazyload elementor-section elementor-top-section elementor-element elementor-element-53794fc elementor-section-boxed elementor-section-height-default elementor-section-height-default\" data-jarallax=\"\" data-speed=\"0.75\" data-type=\"scroll\" data-parallax=\"scroll\" style=\"background-image:url(&quot;https:\/\/arts.ircica.org\/wp-content\/uploads\/2023\/04\/bg.jpeg&quot;);\" data-image-src=\"https:\/\/arts.ircica.org\/wp-content\/uploads\/2023\/04\/bg.jpeg\" data-id=\"53794fc\" data-element_type=\"section\" data-settings=\"{&quot;background_background&quot;:&quot;classic&quot;}\">\n\t\t\t\t\t\t\t<div class=\"elementor-background-overlay\"><\/div>\n\t\t\t\t\t\t\t<div class=\"elementor-container elementor-column-gap-default\">\n\t\t\t\t\t<div class=\"elementor-column elementor-col-100 elementor-top-column elementor-element elementor-element-e5fc450\" data-id=\"e5fc450\" data-element_type=\"column\">\n\t\t\t<div class=\"elementor-widget-wrap elementor-element-populated\">\n\t\t\t\t\t\t<div class=\"elementor-element elementor-element-75fba78 section-align-center section-size-default subtitle-style-default elementor-widget elementor-widget-section-heading\" data-id=\"75fba78\" data-element_type=\"widget\" data-widget_type=\"section-heading.default\">\n\t\t\t\t<div class=\"elementor-widget-container\">\n\t\t\t<div class=\"section-heading headingstyle-default\"><div class=\"section-title-wrapper\"><h2 class=\"entry-title section-title\">\u062a\u0648\u0627\u0635\u0644 \u0645\u0639\u0646\u0627<\/h2><\/div><div class=\"section-description clearfix\"><div class=\"section-description-inner\"><p>Hoca Pa\u015fa Mahallesi, Alemdar Caddesi, No. 15,<br \/>B\u00e2b\u0131\u00e2l\u00ee Giri\u015fi Ca\u011falo\u011flu, <br \/>34110 Fatih \u0130stanbul \/ T\u00fcrkiye<br \/>Email: arts@ircica.org <br \/>Phone: +90 212 402 00 00<\/p>\n<\/div><\/div><\/div>\t\t<\/div>\n\t\t\t\t<\/div>\n\t\t\t\t\t<\/div>\n\t\t<\/div>\n\t\t\t\t\t<\/div>\n\t\t<\/section>\n\t\t\t\t<section class=\"elementor-section elementor-top-section elementor-element elementor-element-07dabc4 elementor-section-boxed elementor-section-height-default elementor-section-height-default\" data-id=\"07dabc4\" data-element_type=\"section\">\n\t\t\t\t\t\t<div class=\"elementor-container elementor-column-gap-wider\">\n\t\t\t\t\t<div class=\"elementor-column elementor-col-100 elementor-top-column elementor-element elementor-element-31ca648\" data-id=\"31ca648\" data-element_type=\"column\">\n\t\t\t<div class=\"elementor-widget-wrap elementor-element-populated\">\n\t\t\t\t\t\t<div class=\"elementor-element elementor-element-246dda7 input-border-style-curved input-icons-default elementor-widget elementor-widget-contactform\" data-id=\"246dda7\" data-element_type=\"widget\" data-widget_type=\"contactform.default\">\n\t\t\t\t<div class=\"elementor-widget-container\">\n\t\t\t\t\t<div class=\"mtheme-contact-form-container\">\n\t\t\t\n<div class=\"wpcf7 no-js\" id=\"wpcf7-f10117-o1\" lang=\"ar\" dir=\"rtl\" data-wpcf7-id=\"10117\">\n<div class=\"screen-reader-response\"><p role=\"status\" aria-live=\"polite\" aria-atomic=\"true\"><\/p> <ul><\/ul><\/div>\n<form action=\"\/ar\/wp-json\/wp\/v2\/pages\/9417#wpcf7-f10117-o1\" method=\"post\" class=\"wpcf7-form init\" aria-label=\"\u0646\u0645\u0648\u0630\u062c \u0627\u0644\u0627\u062a\u0635\u0627\u0644\" novalidate=\"novalidate\" data-status=\"init\">\n<fieldset class=\"hidden-fields-container\"><input type=\"hidden\" name=\"_wpcf7\" value=\"10117\" \/><input type=\"hidden\" name=\"_wpcf7_version\" value=\"6.1.5\" \/><input type=\"hidden\" name=\"_wpcf7_locale\" value=\"ar\" \/><input type=\"hidden\" name=\"_wpcf7_unit_tag\" value=\"wpcf7-f10117-o1\" \/><input type=\"hidden\" name=\"_wpcf7_container_post\" value=\"0\" \/><input type=\"hidden\" name=\"_wpcf7_posted_data_hash\" value=\"\" \/>\n<\/fieldset>\n<div class=\"two-fields clearfix\">\n\t<div class=\"mtheme-form-field\">\n\t\t<p><i class=\"ion-ios-contact-outline\"><\/i><span class=\"wpcf7-form-control-wrap\" data-name=\"first-name\"><input size=\"40\" maxlength=\"400\" class=\"wpcf7-form-control wpcf7-text wpcf7-validates-as-required\" aria-required=\"true\" aria-invalid=\"false\" placeholder=\"\u0627\u0644\u0627\u0633\u0645 (\u0625\u062c\u0628\u0627\u0631\u064a)\" value=\"\" type=\"text\" name=\"first-name\" \/><\/span>\n\t\t<\/p>\n\t<\/div>\n\t<div class=\"mtheme-form-field\">\n\t\t<p><i class=\"ion-ios-contact-outline\"><\/i><span class=\"wpcf7-form-control-wrap\" data-name=\"last-name\"><input size=\"40\" maxlength=\"400\" class=\"wpcf7-form-control wpcf7-text wpcf7-validates-as-required\" aria-required=\"true\" aria-invalid=\"false\" placeholder=\"\u0627\u0644\u0644\u0642\u0628 (\u0625\u062c\u0628\u0627\u0631\u064a)\" value=\"\" type=\"text\" name=\"last-name\" \/><\/span>\n\t\t<\/p>\n\t<\/div>\n<\/div>\n<div class=\"two-fields clearfix\">\n\t<div class=\"mtheme-form-field\">\n\t\t<p><i class=\"ion-ios-email\"><\/i><span class=\"wpcf7-form-control-wrap\" data-name=\"your-email\"><input size=\"40\" maxlength=\"400\" class=\"wpcf7-form-control wpcf7-email wpcf7-validates-as-required wpcf7-text wpcf7-validates-as-email\" aria-required=\"true\" aria-invalid=\"false\" placeholder=\"\u0627\u0644\u0628\u0631\u064a\u062f \u0627\u0644\u0627\u0644\u0643\u062a\u0631\u0648\u0646\u064a (\u0625\u062c\u0628\u0627\u0631\u064a)\" value=\"\" type=\"email\" name=\"your-email\" \/><\/span>\n\t\t<\/p>\n\t<\/div>\n\t<div class=\"mtheme-form-field\">\n\t\t<p><i class=\"ion-ios-telephone\"><\/i><span class=\"wpcf7-form-control-wrap\" data-name=\"your-phone\"><input size=\"40\" maxlength=\"400\" class=\"wpcf7-form-control wpcf7-text\" aria-invalid=\"false\" placeholder=\"\u0631\u0642\u0645 \u0627\u0644\u0647\u0627\u062a\u0641\" value=\"\" type=\"text\" name=\"your-phone\" \/><\/span>\n\t\t<\/p>\n\t<\/div>\n<\/div>\n<div class=\"single-field\">\n\t<div class=\"mtheme-form-field\">\n\t\t<p><i class=\"ion-ios-compose\"><\/i><span class=\"wpcf7-form-control-wrap\" data-name=\"your-subject\"><input size=\"40\" maxlength=\"400\" class=\"wpcf7-form-control wpcf7-text\" aria-invalid=\"false\" placeholder=\"\u0627\u0644\u0645\u0648\u0636\u0648\u0639\" value=\"\" type=\"text\" name=\"your-subject\" \/><\/span>\n\t\t<\/p>\n\t<\/div>\n<\/div>\n<div class=\"single-field\">\n\t<div class=\"mtheme-form-field\">\n\t\t<p><i class=\"ion-ios-compose\"><\/i><span class=\"wpcf7-form-control-wrap\" data-name=\"your-message\"><textarea cols=\"40\" rows=\"10\" maxlength=\"2000\" class=\"wpcf7-form-control wpcf7-textarea\" aria-invalid=\"false\" placeholder=\"\u0646\u0635 \u0627\u0644\u0631\u0633\u0627\u0644\u0629\" name=\"your-message\"><\/textarea><\/span>\n\t\t<\/p>\n\t<\/div>\n<\/div>\n<div class=\"single-field\">\n\t<div class=\"mtheme-form-field\">\n\t\t<p><i class=\"ion-ios-compose\"><\/i><span class=\"wpcf7-form-control-wrap\" data-name=\"feedback\"><input size=\"40\" maxlength=\"400\" class=\"wpcf7-form-control wpcf7-text\" aria-invalid=\"false\" placeholder=\"\u0643\u064a\u0641 \u062a\u0648\u0635\u0651\u0644\u062a\u0645 \u0625\u0644\u0649 \u0645\u0648\u0642\u0639\u0646\u0627\" value=\"\" type=\"text\" name=\"feedback\" \/><\/span>\n\t\t<\/p>\n\t<\/div>\n<\/div>\n<p><input class=\"wpcf7-form-control wpcf7-submit has-spinner\" type=\"submit\" value=\"\u0625\u0631\u0633\u0627\u0644\" \/>\n<\/p><p style=\"display: none !important;\" class=\"akismet-fields-container\" data-prefix=\"_wpcf7_ak_\"><label>&#916;<textarea name=\"_wpcf7_ak_hp_textarea\" cols=\"45\" rows=\"8\" maxlength=\"100\"><\/textarea><\/label><input type=\"hidden\" id=\"ak_js_1\" name=\"_wpcf7_ak_js\" value=\"219\"\/><script>document.getElementById( \"ak_js_1\" ).setAttribute( \"value\", ( new Date() ).getTime() );<\/script><\/p><div class=\"wpcf7-response-output\" aria-hidden=\"true\"><\/div>\n<\/form>\n<\/div>\n\t\t<\/div>\n\t\t\t\t<\/div>\n\t\t\t\t<\/div>\n\t\t\t\t\t<\/div>\n\t\t<\/div>\n\t\t\t\t\t<\/div>\n\t\t<\/section>\n\t\t\t\t<section class=\"elementor-section elementor-top-section elementor-element elementor-element-209c2f7 elementor-section-full_width elementor-hidden-desktop elementor-hidden-tablet elementor-hidden-mobile elementor-section-height-default elementor-section-height-default\" data-id=\"209c2f7\" data-element_type=\"section\">\n\t\t\t\t\t\t<div class=\"elementor-container elementor-column-gap-no\">\n\t\t\t\t\t<div class=\"elementor-column elementor-col-100 elementor-top-column elementor-element elementor-element-afd8f53\" data-id=\"afd8f53\" data-element_type=\"column\">\n\t\t\t<div class=\"elementor-widget-wrap elementor-element-populated\">\n\t\t\t\t\t\t<div class=\"elementor-element elementor-element-578f220 elementor-widget elementor-widget-google-map\" data-id=\"578f220\" data-element_type=\"widget\" data-widget_type=\"google-map.default\">\n\t\t\t\t<div class=\"elementor-widget-container\">\n\t\t\t\t\t<div id=\"mtheme-map -578f220\" class=\"mtheme-map\" \n\t\tdata-mtheme-map-style=\"[\n    {\n        &quot;featureType&quot;: &quot;all&quot;,\n        &quot;elementType&quot;: &quot;labels.text.fill&quot;,\n        &quot;stylers&quot;: [\n            {\n                &quot;saturation&quot;: 36\n            },\n            {\n                &quot;color&quot;: &quot;#000000&quot;\n            },\n            {\n                &quot;lightness&quot;: 40\n            }\n        ]\n    },\n    {\n        &quot;featureType&quot;: &quot;all&quot;,\n        &quot;elementType&quot;: &quot;labels.text.stroke&quot;,\n        &quot;stylers&quot;: [\n            {\n                &quot;visibility&quot;: &quot;on&quot;\n            },\n            {\n                &quot;color&quot;: &quot;#000000&quot;\n            },\n            {\n                &quot;lightness&quot;: 16\n            }\n        ]\n    },\n    {\n        &quot;featureType&quot;: &quot;all&quot;,\n        &quot;elementType&quot;: &quot;labels.icon&quot;,\n        &quot;stylers&quot;: [\n            {\n                &quot;visibility&quot;: &quot;off&quot;\n            }\n        ]\n    },\n    {\n        &quot;featureType&quot;: &quot;administrative&quot;,\n        &quot;elementType&quot;: &quot;geometry.fill&quot;,\n        &quot;stylers&quot;: [\n            {\n                &quot;color&quot;: &quot;#000000&quot;\n            },\n            {\n                &quot;lightness&quot;: 20\n            }\n        ]\n    },\n    {\n        &quot;featureType&quot;: &quot;administrative&quot;,\n        &quot;elementType&quot;: &quot;geometry.stroke&quot;,\n        &quot;stylers&quot;: [\n            {\n                &quot;color&quot;: &quot;#000000&quot;\n            },\n            {\n                &quot;lightness&quot;: 17\n            },\n            {\n                &quot;weight&quot;: 1.2\n            }\n        ]\n    },\n    {\n        &quot;featureType&quot;: &quot;landscape&quot;,\n        &quot;elementType&quot;: &quot;geometry&quot;,\n        &quot;stylers&quot;: [\n            {\n                &quot;color&quot;: &quot;#000000&quot;\n            },\n            {\n                &quot;lightness&quot;: 20\n            }\n        ]\n    },\n    {\n        &quot;featureType&quot;: &quot;poi&quot;,\n        &quot;elementType&quot;: &quot;geometry&quot;,\n        &quot;stylers&quot;: [\n            {\n                &quot;color&quot;: &quot;#000000&quot;\n            },\n            {\n                &quot;lightness&quot;: 21\n            }\n        ]\n    },\n    {\n        &quot;featureType&quot;: &quot;road.highway&quot;,\n        &quot;elementType&quot;: &quot;geometry.fill&quot;,\n        &quot;stylers&quot;: [\n            {\n                &quot;color&quot;: &quot;#000000&quot;\n            },\n            {\n                &quot;lightness&quot;: 17\n            }\n        ]\n    },\n    {\n        &quot;featureType&quot;: &quot;road.highway&quot;,\n        &quot;elementType&quot;: &quot;geometry.stroke&quot;,\n        &quot;stylers&quot;: [\n            {\n                &quot;color&quot;: &quot;#000000&quot;\n            },\n            {\n                &quot;lightness&quot;: 29\n            },\n            {\n                &quot;weight&quot;: 0.2\n            }\n        ]\n    },\n    {\n        &quot;featureType&quot;: &quot;road.arterial&quot;,\n        &quot;elementType&quot;: &quot;geometry&quot;,\n        &quot;stylers&quot;: [\n            {\n                &quot;color&quot;: &quot;#000000&quot;\n            },\n            {\n                &quot;lightness&quot;: 18\n            }\n        ]\n    },\n    {\n        &quot;featureType&quot;: &quot;road.local&quot;,\n        &quot;elementType&quot;: &quot;geometry&quot;,\n        &quot;stylers&quot;: [\n            {\n                &quot;color&quot;: &quot;#000000&quot;\n            },\n            {\n                &quot;lightness&quot;: 16\n            }\n        ]\n    },\n    {\n        &quot;featureType&quot;: &quot;transit&quot;,\n        &quot;elementType&quot;: &quot;geometry&quot;,\n        &quot;stylers&quot;: [\n            {\n                &quot;color&quot;: &quot;#000000&quot;\n            },\n            {\n                &quot;lightness&quot;: 19\n            }\n        ]\n    },\n    {\n        &quot;featureType&quot;: &quot;water&quot;,\n        &quot;elementType&quot;: &quot;geometry&quot;,\n        &quot;stylers&quot;: [\n            {\n                &quot;color&quot;: &quot;#000000&quot;\n            },\n            {\n                &quot;lightness&quot;: 17\n            }\n        ]\n    }\n]\" \n\t\tdata-mtheme-map-zoom-control=\"true\" data-mtheme-map-zoom-control-position=\"RIGHT_BOTTOM\" \n\t\tdata-mtheme-map-defaultui=\"true\" \n\t\tdata-mtheme-map-type=\"roadmap\" \n\t\tdata-mtheme-map-type-control=\"false\" \n\t\tdata-mtheme-map-streetview-control=\"true\"\n\t\tdata-mtheme-map-lat=\"41.0115399\" \n\t\tdata-mtheme-map-lng=\"28.9778715\" \n\t\tdata-mtheme-map-zoom=\"11\" \n\t\tdata-mtheme-map-infowindow-width=\"\">\n\t\t<\/div>\n\t\t\t<\/div>\n\t\t\t\t<\/div>\n\t\t\t\t\t<\/div>\n\t\t<\/div>\n\t\t\t\t\t<\/div>\n\t\t<\/section>\n\t\t\t\t<\/div>\n\t\t","protected":false},"excerpt":{"rendered":"<p>\u062a\u0648\u0627\u0635\u0644 \u0645\u0639\u0646\u0627 Hoca Pa\u015fa Mahallesi, Alemdar Caddesi, No. 15, B\u00e2b\u0131\u00e2l\u00ee Giri\u015fi Ca\u011falo\u011flu, 34110 Fatih \u0130stanbul \/ T\u00fcrkiye Email: arts@ircica.org Phone: +90 212 402 00 00 \u0394 &nbsp;<\/p>\n","protected":false},"author":1,"featured_media":0,"parent":0,"menu_order":0,"comment_status":"closed","ping_status":"closed","template":"","meta":{"_mi_skip_tracking":false,"footnotes":""},"class_list":["post-9417","page","type-page","status-publish","hentry"],"aioseo_notices":[],"_links":{"self":[{"href":"https:\/\/arts.ircica.org\/ar\/wp-json\/wp\/v2\/pages\/9417","targetHints":{"allow":["GET"]}}],"collection":[{"href":"https:\/\/arts.ircica.org\/ar\/wp-json\/wp\/v2\/pages"}],"about":[{"href":"https:\/\/arts.ircica.org\/ar\/wp-json\/wp\/v2\/types\/page"}],"author":[{"embeddable":true,"href":"https:\/\/arts.ircica.org\/ar\/wp-json\/wp\/v2\/users\/1"}],"replies":[{"embeddable":true,"href":"https:\/\/arts.ircica.org\/ar\/wp-json\/wp\/v2\/comments?post=9417"}],"version-history":[{"count":3,"href":"https:\/\/arts.ircica.org\/ar\/wp-json\/wp\/v2\/pages\/9417\/revisions"}],"predecessor-version":[{"id":9438,"href":"https:\/\/arts.ircica.org\/ar\/wp-json\/wp\/v2\/pages\/9417\/revisions\/9438"}],"wp:attachment":[{"href":"https:\/\/arts.ircica.org\/ar\/wp-json\/wp\/v2\/media?parent=9417"}],"curies":[{"name":"wp","href":"https:\/\/api.w.org\/{rel}","templated":true}]}}