{"id":3822,"date":"2018-09-15T16:37:38","date_gmt":"2018-09-15T13:37:38","guid":{"rendered":"https:\/\/arts.ircica.org\/%d8%a7%d9%84%d9%81%d8%b9%d8%a7%d9%84%d9%8a%d8%a7%d8%aa"},"modified":"2023-07-03T15:19:54","modified_gmt":"2023-07-03T12:19:54","slug":"%d8%a7%d9%84%d9%81%d8%b9%d8%a7%d9%84%d9%8a%d8%a7%d8%aa","status":"publish","type":"page","link":"https:\/\/arts.ircica.org\/ar\/%d8%a7%d9%84%d9%81%d8%b9%d8%a7%d9%84%d9%8a%d8%a7%d8%aa","title":{"rendered":"\u0627\u0644\u0641\u0639\u0627\u0644\u064a\u0627\u062a"},"content":{"rendered":"\t\t<div data-elementor-type=\"wp-post\" data-elementor-id=\"3822\" class=\"elementor elementor-3822 elementor-1297\" data-elementor-post-type=\"page\">\n\t\t\t\t\t\t<section class=\"jarallax lazyload elementor-section elementor-top-section elementor-element elementor-element-99bc507 elementor-section-boxed elementor-section-height-default elementor-section-height-default\" data-jarallax=\"\" data-speed=\"0.75\" data-type=\"scroll\" data-parallax=\"scroll\" style=\"background-image:url(&quot;https:\/\/arts.ircica.org\/wp-content\/uploads\/2023\/04\/bg.jpeg&quot;);\" data-image-src=\"https:\/\/arts.ircica.org\/wp-content\/uploads\/2023\/04\/bg.jpeg\" data-id=\"99bc507\" data-element_type=\"section\" data-settings=\"{&quot;background_background&quot;:&quot;classic&quot;}\">\n\t\t\t\t\t\t\t<div class=\"elementor-background-overlay\"><\/div>\n\t\t\t\t\t\t\t<div class=\"elementor-container elementor-column-gap-default\">\n\t\t\t\t\t<div class=\"elementor-column elementor-col-100 elementor-top-column elementor-element elementor-element-d589353\" data-id=\"d589353\" data-element_type=\"column\">\n\t\t\t<div class=\"elementor-widget-wrap elementor-element-populated\">\n\t\t\t\t\t\t<div class=\"elementor-element elementor-element-065b43f section-align-center section-size-default subtitle-style-default elementor-widget elementor-widget-section-heading\" data-id=\"065b43f\" data-element_type=\"widget\" data-widget_type=\"section-heading.default\">\n\t\t\t\t<div class=\"elementor-widget-container\">\n\t\t\t<div class=\"section-heading headingstyle-default\"><div class=\"section-title-wrapper\"><h2 class=\"entry-title section-title\">\u0627\u0644\u0641\u0639\u0627\u0644\u064a\u0627\u062a<\/h2><\/div><\/div>\t\t<\/div>\n\t\t\t\t<\/div>\n\t\t\t\t\t<\/div>\n\t\t<\/div>\n\t\t\t\t\t<\/div>\n\t\t<\/section>\n\t\t\t\t<section class=\"elementor-section elementor-top-section elementor-element elementor-element-9a7a741 elementor-section-boxed elementor-section-height-default elementor-section-height-default\" data-id=\"9a7a741\" data-element_type=\"section\">\n\t\t\t\t\t\t<div class=\"elementor-container elementor-column-gap-no\">\n\t\t\t\t\t<div class=\"elementor-column elementor-col-100 elementor-top-column elementor-element elementor-element-e7ebc12\" data-id=\"e7ebc12\" data-element_type=\"column\">\n\t\t\t<div class=\"elementor-widget-wrap elementor-element-populated\">\n\t\t\t\t\t\t<div class=\"elementor-element elementor-element-5e853c1 blog-parallax-align-center elementor-widget elementor-widget-blog-parallax\" data-id=\"5e853c1\" data-element_type=\"widget\" data-widget_type=\"blog-parallax.default\">\n\t\t\t\t<div class=\"elementor-widget-container\">\n\t\t\t<div class=\"gridblock-blog-parallax gridblock-parallax-wrap clearfix\"><ul><li data-jarallax='{\"speed\": 0.3}' class=\"jarallax vertical-parallax-image fullheight-parallax\" style=\"background-image:url(https:\/\/arts.ircica.org\/wp-content\/uploads\/2022\/10\/calligraphy-exhibition-and-workshop-at-bahrain-contemporary-art-association.jpg);\"><div class=\"bg-detect-and-display slideshow-box-info work-details\"><a href=\"https:\/\/arts.ircica.org\/ar\/%d9%81%d8%b9%d8%a7%d9%84%d9%8a%d8%a7%d8%aa\/%d9%85%d8%b9%d8%b1%d8%b6%d9%8c-%d9%88%d9%88%d8%b1%d8%b4%d8%a9%d9%8f-%d8%b9%d9%85%d9%84%d9%8d-%d8%b9%d9%86-%d9%81%d9%86-%d8%a7%d9%84%d8%ae%d8%b7-%d9%81%d9%8a-%d8%ac%d9%85%d8%b9%d9%8a%d8%a9-%d8%a7%d9%84\"><div class=\"heading-block\"><h2 class=\"line-standby photocard-title\">\n\t\t\t\t\u0645\u0639\u0631\u0636\u064c \u0648\u0648\u0631\u0634\u0629\u064f \u0639\u0645\u0644\u064d \u0639\u0646 \u0641\u0646 \u0627\u0644\u062e\u0637 \u0641\u064a \u062c\u0645\u0639\u064a\u0629 \u0627\u0644\u0628\u062d\u0631\u064a\u0646 \u0644\u0644\u0641\u0646 \u0627\u0644\u0645\u0639\u0627\u0635\u0631\n\t\t\t\t<\/h2><h3 class=\"photocard-subtitle\">\n\t\t\t\t\t12\/10\/2022\n\t\t\t\t<\/h3><\/div><div class=\"photocard-contents\">\n\t\t\t\t<p>\u0627\u0641\u062a\u062a\u062d \u0645\u0639\u0631\u0636 &#8220;\u062c\u064a\u0644 \u0625\u0631\u0633\u064a\u0643\u0627: \u0646\u0645\u0627\u0630\u062c \u0645\u0646 \u0627\u0644\u0644\u0648\u062d\u0627\u062a \u0627\u0644\u0641\u0627\u0626\u0632\u0629 \u0641\u064a \u0645\u0633\u0627\u0628\u0642\u0627\u062a \u0625\u0631\u0633\u064a\u0643\u0627 \u0644\u0641\u0646 \u0627\u0644\u062e\u0637&#8221;\u060c \u0627\u0644\u0630\u064a \u0646\u064f\u0638\u0651\u0645 \u0628\u0627\u0644\u0627\u0634\u062a\u0631\u0627\u0643 \u0645\u0639 \u062c\u0645\u0639\u064a\u0629 \u0627\u0644\u0628\u062d\u0631\u064a\u0646 \u0644\u0644\u0641\u0646 \u0627\u0644\u0645\u0639\u0627\u0635\u0631\u060c \u0641\u064a \u0645\u0642\u0631\u0651 \u0627\u0644\u062c\u0645\u0639\u064a\u0629...<\/p>\n\t\t\t\t<\/div><\/a><a class=\"theme-btn-link\" href=\"https:\/\/arts.ircica.org\/ar\/%d9%81%d8%b9%d8%a7%d9%84%d9%8a%d8%a7%d8%aa\/%d9%85%d8%b9%d8%b1%d8%b6%d9%8c-%d9%88%d9%88%d8%b1%d8%b4%d8%a9%d9%8f-%d8%b9%d9%85%d9%84%d9%8d-%d8%b9%d9%86-%d9%81%d9%86-%d8%a7%d9%84%d8%ae%d8%b7-%d9%81%d9%8a-%d8%ac%d9%85%d8%b9%d9%8a%d8%a9-%d8%a7%d9%84\"><div class=\"theme-btn theme-btn-outline-primary theme-hover-arrow\">Continue Reading<\/div><\/a><\/div><\/li><li data-jarallax='{\"speed\": 0.3}' class=\"jarallax vertical-parallax-image fullheight-parallax\" style=\"background-image:url(https:\/\/arts.ircica.org\/wp-content\/uploads\/2022\/10\/ircicas-activities-at-iuiu-kampala-uganda-11-12-june-2022-1.jpg);\"><div class=\"bg-detect-and-display slideshow-box-info work-details\"><a href=\"https:\/\/arts.ircica.org\/ar\/%d9%81%d8%b9%d8%a7%d9%84%d9%8a%d8%a7%d8%aa\/%d8%a3%d9%86%d8%b4%d8%b7%d8%a9-%d8%a5%d8%b1%d8%b3%d9%8a%d9%83%d8%a7-%d9%81%d9%8a-%d8%a7%d9%84%d8%ac%d8%a7%d9%85%d8%b9%d8%a9-%d8%a7%d9%84%d8%a5%d8%b3%d9%84%d8%a7%d9%85%d9%8a%d8%a9-%d9%81%d9%8a-%d8%a3\"><div class=\"heading-block\"><h2 class=\"line-standby photocard-title\">\n\t\t\t\t\u0623\u0646\u0634\u0637\u0629 \u0625\u0631\u0633\u064a\u0643\u0627 \u0641\u064a \u0627\u0644\u062c\u0627\u0645\u0639\u0629 \u0627\u0644\u0625\u0633\u0644\u0627\u0645\u064a\u0629 \u0641\u064a \u0623\u0648\u063a\u0646\u062f\u0627\n\t\t\t\t<\/h2><h3 class=\"photocard-subtitle\">\n\t\t\t\t\t11\/06\/2022\n\t\t\t\t<\/h3><\/div><div class=\"photocard-contents\">\n\t\t\t\t<p>\u0646\u0638\u0651\u0645\u062a \u0645\u0646\u0638\u0645\u0629\u064f \u0627\u0644\u062a\u0639\u0627\u0648\u0646 \u0627\u0644\u0625\u0633\u0644\u0627\u0645\u064a \u0628\u0631\u0646\u0627\u0645\u062c\u064b\u0627 \u062b\u0642\u0627\u0641\u064a\u0651\u064b\u0627 \u0628\u0639\u0646\u0648\u0627\u0646 \u201c\u0627\u0644\u062b\u0642\u0627\u0641\u0629 \u0648\u0627\u0644\u062a\u0639\u0644\u064a\u0645 \u0648\u0627\u0644\u062a\u0646\u0645\u064a\u0629: \u062a\u062c\u0627\u0631\u0628 \u0645\u0646 \u0627\u0644\u0639\u0627\u0644\u0645 \u0627\u0644\u0625\u0633\u0644\u0627\u0645\u064a\u201d \u0644\u0645\u062f\u0629 \u064a\u0648\u0645\u064a\u0646\u060c \u0627\u0650\u0633\u062a\u0636\u0627\u0641\u062a\u0647\u064f \u0627\u0644\u062c\u0627\u0645\u0639\u0629\u064f \u0627\u0644\u0625\u0633\u0644\u0627\u0645\u064a\u0629 \u0641\u064a \u0623\u0648\u063a\u0646\u062f\u0627\u060c \u0648\u0647\u064a \u0645\u0624\u0633\u0633\u0629\u064c \u0645\u0646\u062a\u0645\u064a\u0629...<\/p>\n\t\t\t\t<\/div><\/a><a class=\"theme-btn-link\" href=\"https:\/\/arts.ircica.org\/ar\/%d9%81%d8%b9%d8%a7%d9%84%d9%8a%d8%a7%d8%aa\/%d8%a3%d9%86%d8%b4%d8%b7%d8%a9-%d8%a5%d8%b1%d8%b3%d9%8a%d9%83%d8%a7-%d9%81%d9%8a-%d8%a7%d9%84%d8%ac%d8%a7%d9%85%d8%b9%d8%a9-%d8%a7%d9%84%d8%a5%d8%b3%d9%84%d8%a7%d9%85%d9%8a%d8%a9-%d9%81%d9%8a-%d8%a3\"><div class=\"theme-btn theme-btn-outline-primary theme-hover-arrow\">Continue Reading<\/div><\/a><\/div><\/li><li data-jarallax='{\"speed\": 0.3}' class=\"jarallax vertical-parallax-image fullheight-parallax\" style=\"background-image:url(https:\/\/arts.ircica.org\/wp-content\/uploads\/2022\/10\/ircicas-art-exhibitions-workshop-and-lecture-at-expo-2020-dubai.jpg);\"><div class=\"bg-detect-and-display slideshow-box-info work-details\"><a href=\"https:\/\/arts.ircica.org\/ar\/%d9%81%d8%b9%d8%a7%d9%84%d9%8a%d8%a7%d8%aa\/%d8%a3%d9%86%d8%b4%d8%b7%d8%a9-%d8%a5%d8%b1%d8%b3%d9%8a%d9%83%d8%a7-%d9%81%d9%8a-%d8%a5%d9%83%d8%b3%d8%a8%d9%88-2020-%d8%af%d8%a8%d9%8a-%d9%85%d8%b9%d8%a7%d8%b1%d8%b6-%d9%88%d9%88%d8%b1%d8%b4%d8%a9\"><div class=\"heading-block\"><h2 class=\"line-standby photocard-title\">\n\t\t\t\t\u0623\u0646\u0634\u0637\u0629 \u0625\u0631\u0633\u064a\u0643\u0627 \u0641\u064a \u0625\u0643\u0633\u0628\u0648 2020 \u062f\u0628\u064a: \u0645\u0639\u0627\u0631\u0636 \u0648\u0648\u0631\u0634\u0629 \u0639\u0645\u0644 \u0641\u0646\u064a\u0629 \u0648\u0645\u062d\u0627\u0636\u0631\u0629\n\t\t\t\t<\/h2><h3 class=\"photocard-subtitle\">\n\t\t\t\t\t26\/12\/2021\n\t\t\t\t<\/h3><\/div><div class=\"photocard-contents\">\n\t\t\t\t<p>\u0634\u0627\u0631\u0643 \u0625\u0631\u0633\u064a\u0643\u0627 \u0641\u064a \u0625\u0643\u0633\u0628\u0648 2020 \u062f\u0628\u064a \u0641\u064a \u0625\u0637\u0627\u0631 \u0645\u0634\u0627\u0631\u0643\u0629 \u0645\u0646\u0638\u0651\u0645\u0629 \u0627\u0644\u062a\u0639\u0627\u0648\u0646 \u0627\u0644\u0625\u0633\u0644\u0627\u0645\u064a \u0641\u064a \u0647\u0630\u0627 \u0627\u0644\u062d\u062f\u062b. \u0648\u0623\u0628\u0631\u0632 \u062c\u0646\u0627\u062d \u0625\u0631\u0633\u064a\u0643\u0627\u060c \u0627\u0644\u0630\u064a \u0642\u0627\u0645 \u0628\u062a\u0646\u0633\u064a\u0642\u0647 \u0627\u0644\u0633\u064a\u062f \u0633\u0639\u064a\u062f \u0642\u0627\u0633\u0645...<\/p>\n\t\t\t\t<\/div><\/a><a class=\"theme-btn-link\" href=\"https:\/\/arts.ircica.org\/ar\/%d9%81%d8%b9%d8%a7%d9%84%d9%8a%d8%a7%d8%aa\/%d8%a3%d9%86%d8%b4%d8%b7%d8%a9-%d8%a5%d8%b1%d8%b3%d9%8a%d9%83%d8%a7-%d9%81%d9%8a-%d8%a5%d9%83%d8%b3%d8%a8%d9%88-2020-%d8%af%d8%a8%d9%8a-%d9%85%d8%b9%d8%a7%d8%b1%d8%b6-%d9%88%d9%88%d8%b1%d8%b4%d8%a9\"><div class=\"theme-btn theme-btn-outline-primary theme-hover-arrow\">Continue Reading<\/div><\/a><\/div><\/li><li data-jarallax='{\"speed\": 0.3}' class=\"jarallax vertical-parallax-image fullheight-parallax\" style=\"background-image:url(https:\/\/arts.ircica.org\/wp-content\/uploads\/2022\/10\/calligraphy-exhibition-during-the-putrajaya-international-islamic-arts-and-culture-festival-piiacuf-2019.jpg);\"><div class=\"bg-detect-and-display slideshow-box-info work-details\"><a href=\"https:\/\/arts.ircica.org\/ar\/%d9%81%d8%b9%d8%a7%d9%84%d9%8a%d8%a7%d8%aa\/%d9%85%d8%b9%d8%b1%d8%b6-%d8%b9%d9%86-%d9%81%d9%86-%d8%a7%d9%84%d8%ae%d8%b7-%d8%ae%d9%84%d8%a7%d9%84-%d9%85%d9%87%d8%b1%d8%ac%d8%a7%d9%86-%d8%a8%d9%88%d8%aa%d8%b1%d8%a7%d8%ac%d8%a7%d9%8a%d8%a7-%d8%a7\"><div class=\"heading-block\"><h2 class=\"line-standby photocard-title\">\n\t\t\t\t\u0645\u0639\u0631\u0636 \u0639\u0646 \u0641\u0646 \u0627\u0644\u062e\u0637 \u062e\u0644\u0627\u0644 \u0645\u0647\u0631\u062c\u0627\u0646 \u0628\u0648\u062a\u0631\u0627\u062c\u0627\u064a\u0627 \u0627\u0644\u062f\u0648\u0644\u064a \u0644\u0644\u0641\u0646\u0648\u0646 \u0648\u0627\u0644\u062b\u0642\u0627\u0641\u0629 \u0627\u0644\u0625\u0633\u0644\u0627\u0645\u064a\u0629 \u0644\u0639\u0627\u0645 2019\n\t\t\t\t<\/h2><h3 class=\"photocard-subtitle\">\n\t\t\t\t\t25\/07\/2019\n\t\t\t\t<\/h3><\/div><div class=\"photocard-contents\">\n\t\t\t\t<p>\u0627\u0641\u062a\u062a\u062d\u062a \u062f\u0627\u062a\u0648\u0643 \u0633\u064a\u0631\u064a \u0627\u0644\u062f\u0643\u062a\u0648\u0631\u0629 \u0648\u0627\u0646 \u0639\u0632\u064a\u0632\u0629 \u0628\u0646\u062a \u0648\u0627\u0646 \u0627\u0633\u0645\u0627\u0639\u064a\u0644\u060c \u0646\u0627\u0626\u0628\u0629 \u0631\u0626\u064a\u0633 \u0648\u0632\u0631\u0627\u0621 \u0645\u0627\u0644\u064a\u0632\u064a\u0627\u060c \u0645\u0647\u0631\u062c\u0627\u0646 \u0628\u0648\u062a\u0631\u0627\u062c\u0627\u064a\u0627 \u0627\u0644\u062f\u0648\u0644\u064a \u0627\u0644\u062e\u0627\u0645\u0633 \u0644\u0644\u0641\u0646\u0648\u0646 \u0648\u0627\u0644\u062b\u0642\u0627\u0641\u0629 \u0627\u0644\u0625\u0633\u0644\u0627\u0645\u064a\u0629. \u0648\u0623\u0648\u0636\u062d\u062a \u0646\u0627\u0626\u0628\u0629 \u0631\u0626\u064a\u0633 \u0627\u0644\u0648\u0632\u0631\u0627\u0621...<\/p>\n\t\t\t\t<\/div><\/a><a class=\"theme-btn-link\" href=\"https:\/\/arts.ircica.org\/ar\/%d9%81%d8%b9%d8%a7%d9%84%d9%8a%d8%a7%d8%aa\/%d9%85%d8%b9%d8%b1%d8%b6-%d8%b9%d9%86-%d9%81%d9%86-%d8%a7%d9%84%d8%ae%d8%b7-%d8%ae%d9%84%d8%a7%d9%84-%d9%85%d9%87%d8%b1%d8%ac%d8%a7%d9%86-%d8%a8%d9%88%d8%aa%d8%b1%d8%a7%d8%ac%d8%a7%d9%8a%d8%a7-%d8%a7\"><div class=\"theme-btn theme-btn-outline-primary theme-hover-arrow\">Continue Reading<\/div><\/a><\/div><\/li><\/ul><\/div>\t\t<\/div>\n\t\t\t\t<\/div>\n\t\t\t\t\t<\/div>\n\t\t<\/div>\n\t\t\t\t\t<\/div>\n\t\t<\/section>\n\t\t\t\t<\/div>\n\t\t","protected":false},"excerpt":{"rendered":"<p>\u0627\u0644\u0641\u0639\u0627\u0644\u064a\u0627\u062a Bahreyn \u00c7a\u011fda\u015f Sanat Derne\u011fi\u2019nde Hat Sergisi 12\/10\/2022 \u201cIRCICA Hattatlar Nesli: Uluslararas\u0131 Yar\u0131\u015fmalar\u0131n \u00d6d\u00fcll\u00fc Levhalar\u0131ndan Se\u00e7meler\u201d sergisi Manama, Bahreyn \u00c7a\u011fda\u015f Sanat Derne\u011fi\u2019nde 12 Ekim 2022\u2019de a\u00e7\u0131ld\u0131. IRCICA Genel Direkt\u00f6r\u00fc B\u00fcy\u00fckel\u00e7i Prof. Dr&#8230;. Continue Reading Uganda \u0130slam \u00dcniversitesi\u2019nde IRCICA\u2019n\u0131n k\u00fclt\u00fcr faaliyetleri 11\/06\/2022 \u0130slam \u0130\u015fbirli\u011fi Te\u015fkilat\u0131 (\u0130\u0130T) taraf\u0131ndan Uganda, Kampala\u2019da, \u0130\u0130T\u2019ye ba\u011fl\u0131 Uganda \u0130slam \u00dcniversitesinin (IUIU) ev sahipli\u011finde 11-12 Haz. 2022\u2019de iki g\u00fcnl\u00fck bir k\u00fclt\u00fcr program\u0131 d\u00fczenlendi&#8230;. Continue Reading IRCICA\u2019n\u0131n Dubai, Expo 2020\u2019deki faaliyetleri: sergiler, hat sanat\u0131 at\u00f6lyesi ve konferans 26\/12\/2021 IRCICA, [&hellip;]<\/p>\n","protected":false},"author":1,"featured_media":0,"parent":0,"menu_order":0,"comment_status":"closed","ping_status":"closed","template":"","meta":{"_mi_skip_tracking":false,"footnotes":""},"class_list":["post-3822","page","type-page","status-publish","hentry"],"aioseo_notices":[],"_links":{"self":[{"href":"https:\/\/arts.ircica.org\/ar\/wp-json\/wp\/v2\/pages\/3822","targetHints":{"allow":["GET"]}}],"collection":[{"href":"https:\/\/arts.ircica.org\/ar\/wp-json\/wp\/v2\/pages"}],"about":[{"href":"https:\/\/arts.ircica.org\/ar\/wp-json\/wp\/v2\/types\/page"}],"author":[{"embeddable":true,"href":"https:\/\/arts.ircica.org\/ar\/wp-json\/wp\/v2\/users\/1"}],"replies":[{"embeddable":true,"href":"https:\/\/arts.ircica.org\/ar\/wp-json\/wp\/v2\/comments?post=3822"}],"version-history":[{"count":6,"href":"https:\/\/arts.ircica.org\/ar\/wp-json\/wp\/v2\/pages\/3822\/revisions"}],"predecessor-version":[{"id":8679,"href":"https:\/\/arts.ircica.org\/ar\/wp-json\/wp\/v2\/pages\/3822\/revisions\/8679"}],"wp:attachment":[{"href":"https:\/\/arts.ircica.org\/ar\/wp-json\/wp\/v2\/media?parent=3822"}],"curies":[{"name":"wp","href":"https:\/\/api.w.org\/{rel}","templated":true}]}}